{"id":450,"date":"2023-08-02T13:03:44","date_gmt":"2023-08-02T13:03:44","guid":{"rendered":"https:\/\/trastosiandromines.com\/?page_id=450"},"modified":"2023-08-09T14:48:35","modified_gmt":"2023-08-09T14:48:35","slug":"declaracion-de-accesibilidad","status":"publish","type":"page","link":"https:\/\/trastosiandromines.com\/en\/declaracion-de-accesibilidad\/","title":{"rendered":"Accessibility statement"},"content":{"rendered":"<div data-elementor-type=\"wp-page\" data-elementor-id=\"450\" class=\"elementor elementor-450\" data-elementor-post-type=\"page\">\n\t\t\t\t\t\t<section class=\"elementor-section elementor-top-section elementor-element elementor-element-54608010 elementor-section-boxed elementor-section-height-default elementor-section-height-default\" data-id=\"54608010\" data-element_type=\"section\" data-settings=\"{&quot;background_background&quot;:&quot;classic&quot;}\">\n\t\t\t\t\t\t\t<div class=\"elementor-background-overlay\"><\/div>\n\t\t\t\t\t\t\t<div class=\"elementor-container elementor-column-gap-default\">\n\t\t\t\t\t<div class=\"elementor-column elementor-col-100 elementor-top-column elementor-element elementor-element-70a17e6e\" data-id=\"70a17e6e\" data-element_type=\"column\">\n\t\t\t<div class=\"elementor-widget-wrap elementor-element-populated\">\n\t\t\t\t\t\t\t<\/div>\n\t\t<\/div>\n\t\t\t\t\t<\/div>\n\t\t<\/section>\n\t\t\t\t<section class=\"elementor-section elementor-top-section elementor-element elementor-element-3865b137 elementor-section-boxed elementor-section-height-default elementor-section-height-default\" data-id=\"3865b137\" data-element_type=\"section\">\n\t\t\t\t\t\t<div class=\"elementor-container elementor-column-gap-default\">\n\t\t\t\t\t<div class=\"elementor-column elementor-col-100 elementor-top-column elementor-element elementor-element-76cd46ca\" data-id=\"76cd46ca\" data-element_type=\"column\">\n\t\t\t<div class=\"elementor-widget-wrap elementor-element-populated\">\n\t\t\t\t\t\t<div class=\"elementor-element elementor-element-5083533 elementor-widget elementor-widget-text-editor\" data-id=\"5083533\" data-element_type=\"widget\" data-widget_type=\"text-editor.default\">\n\t\t\t\t<div class=\"elementor-widget-container\">\n\t\t\t\t\t\t\t\t\t<p>Margarida Simon Figueras is committed to making accessible web site, in accordance with the Royal Decree 1112\/2018 of 7 September on accessibility of websites and mobile applications of public sector.<\/p><p>La presente declaraci\u00f3n de accesibilidad se aplica al sitio web\u00a0https:\/\/www.trastosiandromines.com<\/p><p><strong>Status of compliance<\/strong><\/p><p>This website is developed in accordance with the RD 1112\/2018<\/p><p><strong>Preparation for the following accessibility statement<\/strong><\/p><p>This statement was prepared on January 2, 2023.<\/p><p>The method used to prepare the statement has been a self-assessment.<\/p><p><strong>Observations and contact information<\/strong><\/p><p>You can perform communications relating to accessibility requirements (article 10.2.to the RD 1112\/2018) as, for example:<\/p><ul><li>Report any possible failure on the part of this web site<\/li><li>To convey other difficulties of access to the content<\/li><li>Have any other questions or suggestions for improvement regarding the accessibility of the website<\/li><\/ul><p>through the\u00a0<a href=\"https:\/\/trastosiandromines.com\/en\/contacto\/\">contact form<\/a> of this web site or through the phone number <a href=\"tel:639456575\">(+34) 639 456 575<\/a>.<\/p><p>You can submit:<\/p><ul><li>Complaint concerning the compliance with the requirements of the RD 1112\/2018 or<\/li><li>Application of accessible Information related to:<ul><li>Contents that are excluded from the scope of application of the RD 1112\/2018 as established by article 3, paragraph 4<\/li><li>Contents that are exempt from compliance with the requirements of accessibility to impose a disproportionate burden<\/li><\/ul><\/li><\/ul><p>In the Application of information accessible, you must realize, with all clarity, the facts, reasons and request that you allow to see that this request is reasonable and legitimate.<\/p><p>The complaints and claims on accessible information shall be made through the electronic office (<a href=\"https:\/\/sede.red.gob.es\/procedimientos\/quejas-y-sugerencias\">https:\/\/sede.red.gob.es\/procedimientos\/quejas-y-sugerencias)<\/a>, and shall be received and treated by the area of Systems the Information Network.is.<\/p><p><strong>Optional content<\/strong><\/p><p>If you want to change the font size of the text in the main graphical web browsers use the following menus:<\/p><ul><li>Internet Explorer, Mozilla and Firefox: View &gt; text Size<\/li><li>Opera: View &gt; Zoom<\/li><li>Safari: View &gt; Make text bigger<\/li><li>Chrome: Controls the current page &gt; text Size<\/li><li>To change the size of everything on the page:<ul><li>Ctrl + + to increase<\/li><li>Ctrl + \u2013 to decrease<\/li><li>Ctrl + 0 to restore the original size of the text<\/li><li>If what you want is to override the style sheet or modify the text color, you can refer to the page How to Change Text Size or Colors of the WAI, which you can read translated to Spanish in How to change text size or colors?<\/li><\/ul><\/li><\/ul>\t\t\t\t\t\t\t\t<\/div>\n\t\t\t\t<\/div>\n\t\t\t\t\t<\/div>\n\t\t<\/div>\n\t\t\t\t\t<\/div>\n\t\t<\/section>\n\t\t\t\t<\/div>","protected":false},"excerpt":{"rendered":"<p>Margarida Simon Figueras se ha comprometido a hacer accesible su sitio web, de conformidad con el Real Decreto 1112\/2018, de 7 de septiembre, sobre accesibilidad de los sitios web y aplicaciones para dispositivos m\u00f3viles del sector p\u00fablico. La presente declaraci\u00f3n de accesibilidad se aplica al sitio web\u00a0https:\/\/www.trastosiandromines.com Situaci\u00f3n de cumplimiento Este sitio web se encuentra&hellip;&nbsp;<a href=\"https:\/\/trastosiandromines.com\/en\/declaracion-de-accesibilidad\/\" rel=\"bookmark\"><span class=\"screen-reader-text\">Accessibility statement<\/span><\/a><\/p>","protected":false},"author":1,"featured_media":0,"parent":0,"menu_order":0,"comment_status":"closed","ping_status":"closed","template":"page-templates\/template-pagebuilder-full-width.php","meta":{"neve_meta_sidebar":"","neve_meta_container":"","neve_meta_enable_content_width":"off","neve_meta_content_width":100,"neve_meta_title_alignment":"","neve_meta_author_avatar":"","neve_post_elements_order":"","neve_meta_disable_header":"","neve_meta_disable_footer":"","neve_meta_disable_title":"","footnotes":""},"class_list":["post-450","page","type-page","status-publish","hentry"],"yoast_head":"<!-- This site is optimized with the Yoast SEO plugin v26.7 - https:\/\/yoast.com\/wordpress\/plugins\/seo\/ -->\n<title>Declaraci\u00f3n de accesibilidad - Trastos y andr\u00f3minas<\/title>\n<meta name=\"robots\" content=\"index, follow, max-snippet:-1, max-image-preview:large, max-video-preview:-1\" \/>\n<link rel=\"canonical\" href=\"https:\/\/trastosiandromines.com\/en\/declaracion-de-accesibilidad\/\" \/>\n<meta property=\"og:locale\" content=\"en_GB\" \/>\n<meta property=\"og:type\" content=\"article\" \/>\n<meta property=\"og:title\" content=\"Declaraci\u00f3n de accesibilidad - Trastos y andr\u00f3minas\" \/>\n<meta property=\"og:description\" content=\"Margarida Simon Figueras se ha comprometido a hacer accesible su sitio web, de conformidad con el Real Decreto 1112\/2018, de 7 de septiembre, sobre accesibilidad de los sitios web y aplicaciones para dispositivos m\u00f3viles del sector p\u00fablico. La presente declaraci\u00f3n de accesibilidad se aplica al sitio web\u00a0https:\/\/www.trastosiandromines.com Situaci\u00f3n de cumplimiento Este sitio web se encuentra&hellip;&nbsp;Declaraci\u00f3n de accesibilidad\" \/>\n<meta property=\"og:url\" content=\"https:\/\/trastosiandromines.com\/en\/declaracion-de-accesibilidad\/\" \/>\n<meta property=\"og:site_name\" content=\"Trastos y andr\u00f3minas\" \/>\n<meta property=\"article:modified_time\" content=\"2023-08-09T14:48:35+00:00\" \/>\n<meta name=\"twitter:card\" content=\"summary_large_image\" \/>\n<meta name=\"twitter:label1\" content=\"Estimated reading time\" \/>\n\t<meta name=\"twitter:data1\" content=\"2 minutes\" \/>\n<script type=\"application\/ld+json\" class=\"yoast-schema-graph\">{\"@context\":\"https:\/\/schema.org\",\"@graph\":[{\"@type\":\"WebPage\",\"@id\":\"https:\/\/trastosiandromines.com\/es\/declaracion-de-accesibilidad\/\",\"url\":\"https:\/\/trastosiandromines.com\/es\/declaracion-de-accesibilidad\/\",\"name\":\"Declaraci\u00f3n de accesibilidad - Trastos y andr\u00f3minas\",\"isPartOf\":{\"@id\":\"https:\/\/trastosiandromines.com\/es\/#website\"},\"datePublished\":\"2023-08-02T13:03:44+00:00\",\"dateModified\":\"2023-08-09T14:48:35+00:00\",\"breadcrumb\":{\"@id\":\"https:\/\/trastosiandromines.com\/es\/declaracion-de-accesibilidad\/#breadcrumb\"},\"inLanguage\":\"en-GB\",\"potentialAction\":[{\"@type\":\"ReadAction\",\"target\":[\"https:\/\/trastosiandromines.com\/es\/declaracion-de-accesibilidad\/\"]}]},{\"@type\":\"BreadcrumbList\",\"@id\":\"https:\/\/trastosiandromines.com\/es\/declaracion-de-accesibilidad\/#breadcrumb\",\"itemListElement\":[{\"@type\":\"ListItem\",\"position\":1,\"name\":\"Portada\",\"item\":\"https:\/\/trastosiandromines.com\/\"},{\"@type\":\"ListItem\",\"position\":2,\"name\":\"Declaraci\u00f3n de accesibilidad\"}]},{\"@type\":\"WebSite\",\"@id\":\"https:\/\/trastosiandromines.com\/es\/#website\",\"url\":\"https:\/\/trastosiandromines.com\/es\/\",\"name\":\"Trastos y andr\u00f3minas\",\"description\":\"Tu tienda de antig\u00fcedades y art\u00edculos de coleccionismo de confianza.\",\"potentialAction\":[{\"@type\":\"SearchAction\",\"target\":{\"@type\":\"EntryPoint\",\"urlTemplate\":\"https:\/\/trastosiandromines.com\/es\/?s={search_term_string}\"},\"query-input\":{\"@type\":\"PropertyValueSpecification\",\"valueRequired\":true,\"valueName\":\"search_term_string\"}}],\"inLanguage\":\"en-GB\"}]}<\/script>\n<!-- \/ Yoast SEO plugin. -->","yoast_head_json":{"title":"Declaraci\u00f3n de accesibilidad - Trastos y andr\u00f3minas","robots":{"index":"index","follow":"follow","max-snippet":"max-snippet:-1","max-image-preview":"max-image-preview:large","max-video-preview":"max-video-preview:-1"},"canonical":"https:\/\/trastosiandromines.com\/en\/declaracion-de-accesibilidad\/","og_locale":"en_GB","og_type":"article","og_title":"Declaraci\u00f3n de accesibilidad - Trastos y andr\u00f3minas","og_description":"Margarida Simon Figueras se ha comprometido a hacer accesible su sitio web, de conformidad con el Real Decreto 1112\/2018, de 7 de septiembre, sobre accesibilidad de los sitios web y aplicaciones para dispositivos m\u00f3viles del sector p\u00fablico. La presente declaraci\u00f3n de accesibilidad se aplica al sitio web\u00a0https:\/\/www.trastosiandromines.com Situaci\u00f3n de cumplimiento Este sitio web se encuentra&hellip;&nbsp;Declaraci\u00f3n de accesibilidad","og_url":"https:\/\/trastosiandromines.com\/en\/declaracion-de-accesibilidad\/","og_site_name":"Trastos y andr\u00f3minas","article_modified_time":"2023-08-09T14:48:35+00:00","twitter_card":"summary_large_image","twitter_misc":{"Estimated reading time":"2 minutes"},"schema":{"@context":"https:\/\/schema.org","@graph":[{"@type":"WebPage","@id":"https:\/\/trastosiandromines.com\/es\/declaracion-de-accesibilidad\/","url":"https:\/\/trastosiandromines.com\/es\/declaracion-de-accesibilidad\/","name":"Declaraci\u00f3n de accesibilidad - Trastos y andr\u00f3minas","isPartOf":{"@id":"https:\/\/trastosiandromines.com\/es\/#website"},"datePublished":"2023-08-02T13:03:44+00:00","dateModified":"2023-08-09T14:48:35+00:00","breadcrumb":{"@id":"https:\/\/trastosiandromines.com\/es\/declaracion-de-accesibilidad\/#breadcrumb"},"inLanguage":"en-GB","potentialAction":[{"@type":"ReadAction","target":["https:\/\/trastosiandromines.com\/es\/declaracion-de-accesibilidad\/"]}]},{"@type":"BreadcrumbList","@id":"https:\/\/trastosiandromines.com\/es\/declaracion-de-accesibilidad\/#breadcrumb","itemListElement":[{"@type":"ListItem","position":1,"name":"Portada","item":"https:\/\/trastosiandromines.com\/"},{"@type":"ListItem","position":2,"name":"Declaraci\u00f3n de accesibilidad"}]},{"@type":"WebSite","@id":"https:\/\/trastosiandromines.com\/es\/#website","url":"https:\/\/trastosiandromines.com\/es\/","name":"Tackle and andr\u00f3minas","description":"Tu tienda de antig\u00fcedades y art\u00edculos de coleccionismo de confianza.","potentialAction":[{"@type":"SearchAction","target":{"@type":"EntryPoint","urlTemplate":"https:\/\/trastosiandromines.com\/es\/?s={search_term_string}"},"query-input":{"@type":"PropertyValueSpecification","valueRequired":true,"valueName":"search_term_string"}}],"inLanguage":"en-GB"}]}},"_links":{"self":[{"href":"https:\/\/trastosiandromines.com\/en\/wp-json\/wp\/v2\/pages\/450","targetHints":{"allow":["GET"]}}],"collection":[{"href":"https:\/\/trastosiandromines.com\/en\/wp-json\/wp\/v2\/pages"}],"about":[{"href":"https:\/\/trastosiandromines.com\/en\/wp-json\/wp\/v2\/types\/page"}],"author":[{"embeddable":true,"href":"https:\/\/trastosiandromines.com\/en\/wp-json\/wp\/v2\/users\/1"}],"replies":[{"embeddable":true,"href":"https:\/\/trastosiandromines.com\/en\/wp-json\/wp\/v2\/comments?post=450"}],"version-history":[{"count":7,"href":"https:\/\/trastosiandromines.com\/en\/wp-json\/wp\/v2\/pages\/450\/revisions"}],"predecessor-version":[{"id":555,"href":"https:\/\/trastosiandromines.com\/en\/wp-json\/wp\/v2\/pages\/450\/revisions\/555"}],"wp:attachment":[{"href":"https:\/\/trastosiandromines.com\/en\/wp-json\/wp\/v2\/media?parent=450"}],"curies":[{"name":"wp","href":"https:\/\/api.w.org\/{rel}","templated":true}]}}