{"id":508,"date":"2023-08-03T12:28:24","date_gmt":"2023-08-03T12:28:24","guid":{"rendered":"https:\/\/trastosiandromines.com\/?page_id=508"},"modified":"2023-09-28T18:16:16","modified_gmt":"2023-09-28T18:16:16","slug":"curiosidades-2","status":"publish","type":"page","link":"https:\/\/trastosiandromines.com\/en\/curiosidades-2\/","title":{"rendered":"Trivia"},"content":{"rendered":"<div data-elementor-type=\"wp-page\" data-elementor-id=\"508\" class=\"elementor elementor-508\" data-elementor-post-type=\"page\">\n\t\t\t\t\t\t<section class=\"elementor-section elementor-top-section elementor-element elementor-element-19cef445 elementor-section-boxed elementor-section-height-default elementor-section-height-default\" data-id=\"19cef445\" data-element_type=\"section\" data-settings=\"{&quot;background_background&quot;:&quot;classic&quot;}\">\n\t\t\t\t\t\t\t<div class=\"elementor-background-overlay\"><\/div>\n\t\t\t\t\t\t\t<div class=\"elementor-container elementor-column-gap-default\">\n\t\t\t\t\t<div class=\"elementor-column elementor-col-100 elementor-top-column elementor-element elementor-element-4941ccff\" data-id=\"4941ccff\" data-element_type=\"column\">\n\t\t\t<div class=\"elementor-widget-wrap elementor-element-populated\">\n\t\t\t\t\t\t\t<\/div>\n\t\t<\/div>\n\t\t\t\t\t<\/div>\n\t\t<\/section>\n\t\t\t\t<section class=\"elementor-section elementor-top-section elementor-element elementor-element-56164dab elementor-reverse-mobile elementor-section-boxed elementor-section-height-default elementor-section-height-default\" data-id=\"56164dab\" data-element_type=\"section\">\n\t\t\t\t\t\t<div class=\"elementor-container elementor-column-gap-default\">\n\t\t\t\t\t<div class=\"elementor-column elementor-col-50 elementor-top-column elementor-element elementor-element-7aeeeb4f\" data-id=\"7aeeeb4f\" data-element_type=\"column\">\n\t\t\t<div class=\"elementor-widget-wrap elementor-element-populated\">\n\t\t\t\t\t\t<div class=\"elementor-element elementor-element-307679f5 elementor-search-form--skin-classic elementor-search-form--button-type-icon elementor-search-form--icon-search elementor-widget elementor-widget-search-form\" data-id=\"307679f5\" data-element_type=\"widget\" data-settings=\"{&quot;skin&quot;:&quot;classic&quot;}\" data-widget_type=\"search-form.default\">\n\t\t\t\t<div class=\"elementor-widget-container\">\n\t\t\t\t\t\t\t<search role=\"search\">\n\t\t\t<form class=\"elementor-search-form\" action=\"https:\/\/trastosiandromines.com\/en\/\" method=\"get\" data-trp-original-action=\"https:\/\/trastosiandromines.com\/en\">\n\t\t\t\t\t\t\t\t\t\t\t\t<div class=\"elementor-search-form__container\">\n\t\t\t\t\t<label class=\"elementor-screen-only\" for=\"elementor-search-form-307679f5\">Search<\/label>\n\n\t\t\t\t\t\n\t\t\t\t\t<input id=\"elementor-search-form-307679f5\" placeholder=\"Search for products\" class=\"elementor-search-form__input\" type=\"search\" name=\"s\" value=\"\">\n\t\t\t\t\t\n\t\t\t\t\t\t\t\t\t\t\t<button class=\"elementor-search-form__submit\" type=\"submit\" aria-label=\"Search\">\n\t\t\t\t\t\t\t\t\t\t\t\t\t\t\t<i aria-hidden=\"true\" class=\"fas fa-search\"><\/i>\t\t\t\t\t\t\t\t\t\t\t\t\t<\/button>\n\t\t\t\t\t\n\t\t\t\t\t\t\t\t\t<\/div>\n\t\t\t<input type=\"hidden\" name=\"trp-form-language\" value=\"en\"\/><\/form>\n\t\t<\/search>\n\t\t\t\t\t\t<\/div>\n\t\t\t\t<\/div>\n\t\t\t\t<div class=\"elementor-element elementor-element-209d0cbf elementor-widget elementor-widget-heading\" data-id=\"209d0cbf\" data-element_type=\"widget\" data-widget_type=\"heading.default\">\n\t\t\t\t<div class=\"elementor-widget-container\">\n\t\t\t\t\t<h2 class=\"elementor-heading-title elementor-size-default\">Categories<\/h2>\t\t\t\t<\/div>\n\t\t\t\t<\/div>\n\t\t\t\t<div class=\"elementor-element elementor-element-8d6db29 elementor-widget-divider--view-line elementor-widget elementor-widget-divider\" data-id=\"8d6db29\" data-element_type=\"widget\" data-widget_type=\"divider.default\">\n\t\t\t\t<div class=\"elementor-widget-container\">\n\t\t\t\t\t\t\t<div class=\"elementor-divider\">\n\t\t\t<span class=\"elementor-divider-separator\">\n\t\t\t\t\t\t<\/span>\n\t\t<\/div>\n\t\t\t\t\t\t<\/div>\n\t\t\t\t<\/div>\n\t\t\t\t<div class=\"elementor-element elementor-element-6bc2462d elementor-icon-list--layout-traditional elementor-list-item-link-full_width elementor-widget elementor-widget-icon-list\" data-id=\"6bc2462d\" data-element_type=\"widget\" data-widget_type=\"icon-list.default\">\n\t\t\t\t<div class=\"elementor-widget-container\">\n\t\t\t\t\t\t\t<ul class=\"elementor-icon-list-items\">\n\t\t\t\t\t\t\t<li class=\"elementor-icon-list-item\">\n\t\t\t\t\t\t\t\t\t\t\t<a href=\"https:\/\/trastosiandromines.com\/en\/categoria\/antiguedades\/\">\n\n\t\t\t\t\t\t\t\t\t\t\t\t<span class=\"elementor-icon-list-icon\">\n\t\t\t\t\t\t\t<i aria-hidden=\"true\" class=\"arrow_carrot-right\"><\/i>\t\t\t\t\t\t<\/span>\n\t\t\t\t\t\t\t\t\t\t<span class=\"elementor-icon-list-text\">Antiques<\/span>\n\t\t\t\t\t\t\t\t\t\t\t<\/a>\n\t\t\t\t\t\t\t\t\t<\/li>\n\t\t\t\t\t\t\t\t<li class=\"elementor-icon-list-item\">\n\t\t\t\t\t\t\t\t\t\t\t<a href=\"https:\/\/trastosiandromines.com\/en\/categoria\/arte-religioso\/\">\n\n\t\t\t\t\t\t\t\t\t\t\t\t<span class=\"elementor-icon-list-icon\">\n\t\t\t\t\t\t\t<i aria-hidden=\"true\" class=\"arrow_carrot-right\"><\/i>\t\t\t\t\t\t<\/span>\n\t\t\t\t\t\t\t\t\t\t<span class=\"elementor-icon-list-text\">Religious art<\/span>\n\t\t\t\t\t\t\t\t\t\t\t<\/a>\n\t\t\t\t\t\t\t\t\t<\/li>\n\t\t\t\t\t\t\t\t<li class=\"elementor-icon-list-item\">\n\t\t\t\t\t\t\t\t\t\t\t<a href=\"https:\/\/trastosiandromines.com\/en\/categoria\/vintage\/\">\n\n\t\t\t\t\t\t\t\t\t\t\t\t<span class=\"elementor-icon-list-icon\">\n\t\t\t\t\t\t\t<i aria-hidden=\"true\" class=\"arrow_carrot-right\"><\/i>\t\t\t\t\t\t<\/span>\n\t\t\t\t\t\t\t\t\t\t<span class=\"elementor-icon-list-text\">Vintage<\/span>\n\t\t\t\t\t\t\t\t\t\t\t<\/a>\n\t\t\t\t\t\t\t\t\t<\/li>\n\t\t\t\t\t\t\t\t<li class=\"elementor-icon-list-item\">\n\t\t\t\t\t\t\t\t\t\t\t<a href=\"https:\/\/trastosiandromines.com\/en\/categoria\/curiosidades\/\">\n\n\t\t\t\t\t\t\t\t\t\t\t\t<span class=\"elementor-icon-list-icon\">\n\t\t\t\t\t\t\t<i aria-hidden=\"true\" class=\"arrow_carrot-right\"><\/i>\t\t\t\t\t\t<\/span>\n\t\t\t\t\t\t\t\t\t\t<span class=\"elementor-icon-list-text\">Trivia<\/span>\n\t\t\t\t\t\t\t\t\t\t\t<\/a>\n\t\t\t\t\t\t\t\t\t<\/li>\n\t\t\t\t\t\t\t\t<li class=\"elementor-icon-list-item\">\n\t\t\t\t\t\t\t\t\t\t\t<a href=\"https:\/\/trastosiandromines.com\/en\/categoria\/coleccionismo\/\">\n\n\t\t\t\t\t\t\t\t\t\t\t\t<span class=\"elementor-icon-list-icon\">\n\t\t\t\t\t\t\t<i aria-hidden=\"true\" class=\"arrow_carrot-right\"><\/i>\t\t\t\t\t\t<\/span>\n\t\t\t\t\t\t\t\t\t\t<span class=\"elementor-icon-list-text\">Collectables<\/span>\n\t\t\t\t\t\t\t\t\t\t\t<\/a>\n\t\t\t\t\t\t\t\t\t<\/li>\n\t\t\t\t\t\t<\/ul>\n\t\t\t\t\t\t<\/div>\n\t\t\t\t<\/div>\n\t\t\t\t<div class=\"elementor-element elementor-element-2b22fab5 elementor-widget-divider--view-line elementor-widget elementor-widget-divider\" data-id=\"2b22fab5\" data-element_type=\"widget\" data-widget_type=\"divider.default\">\n\t\t\t\t<div class=\"elementor-widget-container\">\n\t\t\t\t\t\t\t<div class=\"elementor-divider\">\n\t\t\t<span class=\"elementor-divider-separator\">\n\t\t\t\t\t\t<\/span>\n\t\t<\/div>\n\t\t\t\t\t\t<\/div>\n\t\t\t\t<\/div>\n\t\t\t\t<div class=\"elementor-element elementor-element-38923af7 elementor-cta--skin-cover elementor-bg-transform elementor-bg-transform-move-left elementor-invisible elementor-widget elementor-widget-call-to-action\" data-id=\"38923af7\" data-element_type=\"widget\" data-settings=\"{&quot;_animation&quot;:&quot;fadeInUp&quot;}\" data-widget_type=\"call-to-action.default\">\n\t\t\t\t<div class=\"elementor-widget-container\">\n\t\t\t\t\t\t\t<div class=\"elementor-cta\">\n\t\t\t\t\t<div class=\"elementor-cta__bg-wrapper\">\n\t\t\t\t<div class=\"elementor-cta__bg elementor-bg\" style=\"background-image: url(https:\/\/trastosiandromines.com\/wp-content\/uploads\/2023\/08\/EXTRA3.jpg);\" role=\"img\" aria-label=\"EXTRA3\"><\/div>\n\t\t\t\t<div class=\"elementor-cta__bg-overlay\"><\/div>\n\t\t\t<\/div>\n\t\t\t\t\t\t\t<div class=\"elementor-cta__content\">\n\t\t\t\t\n\t\t\t\t\t\t\t\t\t<h3 class=\"elementor-cta__title elementor-cta__content-item elementor-content-item\">\n\t\t\t\t\t\tCan we help you?\t\t\t\t\t<\/h3>\n\t\t\t\t\n\t\t\t\t\t\t\t\t\t<div class=\"elementor-cta__description elementor-cta__content-item elementor-content-item\">\n\t\t\t\t\t\tDo you have any questions regarding a product or purchase? Contact us, we will be happy to resolve the issue. \t\t\t\t\t<\/div>\n\t\t\t\t\n\t\t\t\t\t\t\t\t\t<div class=\"elementor-cta__button-wrapper elementor-cta__content-item elementor-content-item\">\n\t\t\t\t\t<a class=\"elementor-cta__button elementor-button elementor-size-xs\" href=\"https:\/\/trastosiandromines.com\/en\/contacto\/\">\n\t\t\t\t\t\tCONTACT us\t\t\t\t\t<\/a>\n\t\t\t\t\t<\/div>\n\t\t\t\t\t\t\t<\/div>\n\t\t\t\t\t\t<\/div>\n\t\t\t\t\t\t<\/div>\n\t\t\t\t<\/div>\n\t\t\t\t\t<\/div>\n\t\t<\/div>\n\t\t\t\t<div class=\"elementor-column elementor-col-50 elementor-top-column elementor-element elementor-element-37444b6f\" data-id=\"37444b6f\" data-element_type=\"column\">\n\t\t\t<div class=\"elementor-widget-wrap elementor-element-populated\">\n\t\t\t\t\t\t<div class=\"elementor-element elementor-element-8662735 elementor-grid-4 elementor-grid-tablet-3 elementor-grid-mobile-2 elementor-products-grid elementor-wc-products elementor-widget elementor-widget-woocommerce-products\" data-id=\"8662735\" data-element_type=\"widget\" data-widget_type=\"woocommerce-products.default\">\n\t\t\t\t<div class=\"elementor-widget-container\">\n\t\t\t\t\t<div class=\"woocommerce columns-4\"><ul class=\"products elementor-grid columns-4\">\n<li class=\"product type-product post-303 status-publish first instock product_cat-curiosidades has-post-thumbnail taxable shipping-taxable purchasable product-type-simple\">\n\t<div class=\"nv-card-content-wrapper\"><a href=\"https:\/\/trastosiandromines.com\/en\/articulo\/centro-de-mesa-elfos\/\" class=\"woocommerce-LoopProduct-link woocommerce-loop-product__link\"><div class=\"sp-product-image\"><div class=\"img-wrap\"><img fetchpriority=\"high\" decoding=\"async\" width=\"300\" height=\"300\" src=\"https:\/\/trastosiandromines.com\/wp-content\/uploads\/2023\/08\/IMG_4055-300x300.jpg\" class=\"attachment-woocommerce_thumbnail size-woocommerce_thumbnail\" alt=\"Centro de mesa elfos\" srcset=\"https:\/\/trastosiandromines.com\/wp-content\/uploads\/2023\/08\/IMG_4055-300x300.jpg 300w, https:\/\/trastosiandromines.com\/wp-content\/uploads\/2023\/08\/IMG_4055-150x150.jpg 150w, https:\/\/trastosiandromines.com\/wp-content\/uploads\/2023\/08\/IMG_4055-100x100.jpg 100w\" sizes=\"(max-width: 300px) 100vw, 300px\" \/><\/div><\/div><h2 class=\"woocommerce-loop-product__title\">Centro de mesa elfos<\/h2>\n\t<span class=\"price\"><span class=\"woocommerce-Price-amount amount\"><bdi>80.00<span class=\"woocommerce-Price-currencySymbol\">\u20ac<\/span><\/bdi><\/span><\/span>\n<\/a><a href=\"\/en\/wp-json\/wp\/v2\/pages\/508?add-to-cart=303\" aria-describedby=\"woocommerce_loop_add_to_cart_link_describedby_303\" data-quantity=\"1\" class=\"button product_type_simple add_to_cart_button ajax_add_to_cart\" data-product_id=\"303\" data-product_sku=\"\" aria-label=\"Add to basket: \u201cCentro de mesa elfos\u201d\" rel=\"nofollow\" data-success_message=\"\u201cCentro de mesa elfos\u201d has been added to your cart\" role=\"button\" data-no-translation=\"\" data-trp-gettext=\"\" data-no-translation-aria-label=\"\" data-no-translation-data-success_message=\"\">Add to basket<\/a>\t<span id=\"woocommerce_loop_add_to_cart_link_describedby_303\" class=\"screen-reader-text\">\n\t\t\t<\/span>\n<\/div><\/li>\n<li class=\"product type-product post-298 status-publish instock product_cat-curiosidades has-post-thumbnail taxable shipping-taxable purchasable product-type-simple\">\n\t<div class=\"nv-card-content-wrapper\"><a href=\"https:\/\/trastosiandromines.com\/en\/articulo\/portarollos\/\" class=\"woocommerce-LoopProduct-link woocommerce-loop-product__link\"><div class=\"sp-product-image\"><div class=\"img-wrap\"><img decoding=\"async\" width=\"300\" height=\"300\" src=\"https:\/\/trastosiandromines.com\/wp-content\/uploads\/2023\/08\/IMG_4053-300x300.jpg\" class=\"attachment-woocommerce_thumbnail size-woocommerce_thumbnail\" alt=\"Portarollos\" srcset=\"https:\/\/trastosiandromines.com\/wp-content\/uploads\/2023\/08\/IMG_4053-300x300.jpg 300w, https:\/\/trastosiandromines.com\/wp-content\/uploads\/2023\/08\/IMG_4053-150x150.jpg 150w, https:\/\/trastosiandromines.com\/wp-content\/uploads\/2023\/08\/IMG_4053-100x100.jpg 100w\" sizes=\"(max-width: 300px) 100vw, 300px\" \/><\/div><\/div><h2 class=\"woocommerce-loop-product__title\">Portarollos<\/h2>\n\t<span class=\"price\"><span class=\"woocommerce-Price-amount amount\"><bdi>60.00<span class=\"woocommerce-Price-currencySymbol\">\u20ac<\/span><\/bdi><\/span><\/span>\n<\/a><a href=\"\/en\/wp-json\/wp\/v2\/pages\/508?add-to-cart=298\" aria-describedby=\"woocommerce_loop_add_to_cart_link_describedby_298\" data-quantity=\"1\" class=\"button product_type_simple add_to_cart_button ajax_add_to_cart\" data-product_id=\"298\" data-product_sku=\"\" aria-label=\"Add to basket: \u201cPortarollos\u201d\" rel=\"nofollow\" data-success_message=\"\u201cPortarollos\u201d has been added to your cart\" role=\"button\" data-no-translation=\"\" data-trp-gettext=\"\" data-no-translation-aria-label=\"\" data-no-translation-data-success_message=\"\">Add to basket<\/a>\t<span id=\"woocommerce_loop_add_to_cart_link_describedby_298\" class=\"screen-reader-text\">\n\t\t\t<\/span>\n<\/div><\/li>\n<li class=\"product type-product post-291 status-publish instock product_cat-curiosidades has-post-thumbnail taxable shipping-taxable purchasable product-type-simple\">\n\t<div class=\"nv-card-content-wrapper\"><a href=\"https:\/\/trastosiandromines.com\/en\/articulo\/jarrones-miniatura\/\" class=\"woocommerce-LoopProduct-link woocommerce-loop-product__link\"><div class=\"sp-product-image\"><div class=\"img-wrap\"><img decoding=\"async\" width=\"300\" height=\"300\" src=\"https:\/\/trastosiandromines.com\/wp-content\/uploads\/2023\/08\/IMG_4048-300x300.jpg\" class=\"attachment-woocommerce_thumbnail size-woocommerce_thumbnail\" alt=\"Jarrones miniatura\" srcset=\"https:\/\/trastosiandromines.com\/wp-content\/uploads\/2023\/08\/IMG_4048-300x300.jpg 300w, https:\/\/trastosiandromines.com\/wp-content\/uploads\/2023\/08\/IMG_4048-150x150.jpg 150w, https:\/\/trastosiandromines.com\/wp-content\/uploads\/2023\/08\/IMG_4048-100x100.jpg 100w\" sizes=\"(max-width: 300px) 100vw, 300px\" \/><\/div><\/div><h2 class=\"woocommerce-loop-product__title\">Jarrones miniatura<\/h2>\n\t<span class=\"price\"><span class=\"woocommerce-Price-amount amount\"><bdi>65.00<span class=\"woocommerce-Price-currencySymbol\">\u20ac<\/span><\/bdi><\/span><\/span>\n<\/a><a href=\"\/en\/wp-json\/wp\/v2\/pages\/508?add-to-cart=291\" aria-describedby=\"woocommerce_loop_add_to_cart_link_describedby_291\" data-quantity=\"1\" class=\"button product_type_simple add_to_cart_button ajax_add_to_cart\" data-product_id=\"291\" data-product_sku=\"\" aria-label=\"Add to basket: \u201cJarrones miniatura\u201d\" rel=\"nofollow\" data-success_message=\"\u201cJarrones miniatura\u201d has been added to your cart\" role=\"button\" data-no-translation=\"\" data-trp-gettext=\"\" data-no-translation-aria-label=\"\" data-no-translation-data-success_message=\"\">Add to basket<\/a>\t<span id=\"woocommerce_loop_add_to_cart_link_describedby_291\" class=\"screen-reader-text\">\n\t\t\t<\/span>\n<\/div><\/li>\n<\/ul>\n<\/div>\t\t\t\t<\/div>\n\t\t\t\t<\/div>\n\t\t\t\t\t<\/div>\n\t\t<\/div>\n\t\t\t\t\t<\/div>\n\t\t<\/section>\n\t\t\t\t<\/div>","protected":false},"excerpt":{"rendered":"<p>Categor\u00edas Antiguedades Arte religioso Vintage Curiosidades Coleccionismo \u00bfTe ayudamos? \u00bfTienes alguna duda sobre alg\u00fan producto o compra? Cont\u00e1ctanos, estaremos encantados de resolverla. CONT\u00c1CTANOS<\/p>","protected":false},"author":1,"featured_media":0,"parent":0,"menu_order":0,"comment_status":"closed","ping_status":"closed","template":"page-templates\/template-pagebuilder-full-width.php","meta":{"neve_meta_sidebar":"","neve_meta_container":"","neve_meta_enable_content_width":"off","neve_meta_content_width":100,"neve_meta_title_alignment":"","neve_meta_author_avatar":"","neve_post_elements_order":"","neve_meta_disable_header":"","neve_meta_disable_footer":"","neve_meta_disable_title":"","footnotes":""},"class_list":["post-508","page","type-page","status-publish","hentry"],"yoast_head":"<!-- This site is optimized with the Yoast SEO plugin v26.7 - https:\/\/yoast.com\/wordpress\/plugins\/seo\/ -->\n<title>Curiosidades - Trastos y andr\u00f3minas<\/title>\n<meta name=\"robots\" content=\"index, follow, max-snippet:-1, max-image-preview:large, max-video-preview:-1\" \/>\n<link rel=\"canonical\" href=\"https:\/\/trastosiandromines.com\/en\/curiosidades-2\/\" \/>\n<meta property=\"og:locale\" content=\"en_GB\" \/>\n<meta property=\"og:type\" content=\"article\" \/>\n<meta property=\"og:title\" content=\"Curiosidades - Trastos y andr\u00f3minas\" \/>\n<meta property=\"og:description\" content=\"Categor\u00edas Antiguedades Arte religioso Vintage Curiosidades Coleccionismo \u00bfTe ayudamos? \u00bfTienes alguna duda sobre alg\u00fan producto o compra? Cont\u00e1ctanos, estaremos encantados de resolverla. CONT\u00c1CTANOS\" \/>\n<meta property=\"og:url\" content=\"https:\/\/trastosiandromines.com\/en\/curiosidades-2\/\" \/>\n<meta property=\"og:site_name\" content=\"Trastos y andr\u00f3minas\" \/>\n<meta property=\"article:modified_time\" content=\"2023-09-28T18:16:16+00:00\" \/>\n<meta name=\"twitter:card\" content=\"summary_large_image\" \/>\n<meta name=\"twitter:label1\" content=\"Estimated reading time\" \/>\n\t<meta name=\"twitter:data1\" content=\"4 minutes\" \/>\n<script type=\"application\/ld+json\" class=\"yoast-schema-graph\">{\"@context\":\"https:\/\/schema.org\",\"@graph\":[{\"@type\":\"WebPage\",\"@id\":\"https:\/\/trastosiandromines.com\/es\/curiosidades-2\/\",\"url\":\"https:\/\/trastosiandromines.com\/es\/curiosidades-2\/\",\"name\":\"Curiosidades - Trastos y andr\u00f3minas\",\"isPartOf\":{\"@id\":\"https:\/\/trastosiandromines.com\/es\/#website\"},\"datePublished\":\"2023-08-03T12:28:24+00:00\",\"dateModified\":\"2023-09-28T18:16:16+00:00\",\"breadcrumb\":{\"@id\":\"https:\/\/trastosiandromines.com\/es\/curiosidades-2\/#breadcrumb\"},\"inLanguage\":\"en-GB\",\"potentialAction\":[{\"@type\":\"ReadAction\",\"target\":[\"https:\/\/trastosiandromines.com\/es\/curiosidades-2\/\"]}]},{\"@type\":\"BreadcrumbList\",\"@id\":\"https:\/\/trastosiandromines.com\/es\/curiosidades-2\/#breadcrumb\",\"itemListElement\":[{\"@type\":\"ListItem\",\"position\":1,\"name\":\"Portada\",\"item\":\"https:\/\/trastosiandromines.com\/\"},{\"@type\":\"ListItem\",\"position\":2,\"name\":\"Curiosidades\"}]},{\"@type\":\"WebSite\",\"@id\":\"https:\/\/trastosiandromines.com\/es\/#website\",\"url\":\"https:\/\/trastosiandromines.com\/es\/\",\"name\":\"Trastos y andr\u00f3minas\",\"description\":\"Tu tienda de antig\u00fcedades y art\u00edculos de coleccionismo de confianza.\",\"potentialAction\":[{\"@type\":\"SearchAction\",\"target\":{\"@type\":\"EntryPoint\",\"urlTemplate\":\"https:\/\/trastosiandromines.com\/es\/?s={search_term_string}\"},\"query-input\":{\"@type\":\"PropertyValueSpecification\",\"valueRequired\":true,\"valueName\":\"search_term_string\"}}],\"inLanguage\":\"en-GB\"}]}<\/script>\n<!-- \/ Yoast SEO plugin. -->","yoast_head_json":{"title":"Curiosidades - Trastos y andr\u00f3minas","robots":{"index":"index","follow":"follow","max-snippet":"max-snippet:-1","max-image-preview":"max-image-preview:large","max-video-preview":"max-video-preview:-1"},"canonical":"https:\/\/trastosiandromines.com\/en\/curiosidades-2\/","og_locale":"en_GB","og_type":"article","og_title":"Curiosidades - Trastos y andr\u00f3minas","og_description":"Categor\u00edas Antiguedades Arte religioso Vintage Curiosidades Coleccionismo \u00bfTe ayudamos? \u00bfTienes alguna duda sobre alg\u00fan producto o compra? Cont\u00e1ctanos, estaremos encantados de resolverla. CONT\u00c1CTANOS","og_url":"https:\/\/trastosiandromines.com\/en\/curiosidades-2\/","og_site_name":"Trastos y andr\u00f3minas","article_modified_time":"2023-09-28T18:16:16+00:00","twitter_card":"summary_large_image","twitter_misc":{"Estimated reading time":"4 minutes"},"schema":{"@context":"https:\/\/schema.org","@graph":[{"@type":"WebPage","@id":"https:\/\/trastosiandromines.com\/es\/curiosidades-2\/","url":"https:\/\/trastosiandromines.com\/es\/curiosidades-2\/","name":"Curiosidades - Trastos y andr\u00f3minas","isPartOf":{"@id":"https:\/\/trastosiandromines.com\/es\/#website"},"datePublished":"2023-08-03T12:28:24+00:00","dateModified":"2023-09-28T18:16:16+00:00","breadcrumb":{"@id":"https:\/\/trastosiandromines.com\/es\/curiosidades-2\/#breadcrumb"},"inLanguage":"en-GB","potentialAction":[{"@type":"ReadAction","target":["https:\/\/trastosiandromines.com\/es\/curiosidades-2\/"]}]},{"@type":"BreadcrumbList","@id":"https:\/\/trastosiandromines.com\/es\/curiosidades-2\/#breadcrumb","itemListElement":[{"@type":"ListItem","position":1,"name":"Portada","item":"https:\/\/trastosiandromines.com\/"},{"@type":"ListItem","position":2,"name":"Curiosidades"}]},{"@type":"WebSite","@id":"https:\/\/trastosiandromines.com\/es\/#website","url":"https:\/\/trastosiandromines.com\/es\/","name":"Tackle and andr\u00f3minas","description":"Tu tienda de antig\u00fcedades y art\u00edculos de coleccionismo de confianza.","potentialAction":[{"@type":"SearchAction","target":{"@type":"EntryPoint","urlTemplate":"https:\/\/trastosiandromines.com\/es\/?s={search_term_string}"},"query-input":{"@type":"PropertyValueSpecification","valueRequired":true,"valueName":"search_term_string"}}],"inLanguage":"en-GB"}]}},"_links":{"self":[{"href":"https:\/\/trastosiandromines.com\/en\/wp-json\/wp\/v2\/pages\/508","targetHints":{"allow":["GET"]}}],"collection":[{"href":"https:\/\/trastosiandromines.com\/en\/wp-json\/wp\/v2\/pages"}],"about":[{"href":"https:\/\/trastosiandromines.com\/en\/wp-json\/wp\/v2\/types\/page"}],"author":[{"embeddable":true,"href":"https:\/\/trastosiandromines.com\/en\/wp-json\/wp\/v2\/users\/1"}],"replies":[{"embeddable":true,"href":"https:\/\/trastosiandromines.com\/en\/wp-json\/wp\/v2\/comments?post=508"}],"version-history":[{"count":7,"href":"https:\/\/trastosiandromines.com\/en\/wp-json\/wp\/v2\/pages\/508\/revisions"}],"predecessor-version":[{"id":591,"href":"https:\/\/trastosiandromines.com\/en\/wp-json\/wp\/v2\/pages\/508\/revisions\/591"}],"wp:attachment":[{"href":"https:\/\/trastosiandromines.com\/en\/wp-json\/wp\/v2\/media?parent=508"}],"curies":[{"name":"wp","href":"https:\/\/api.w.org\/{rel}","templated":true}]}}