{"id":424,"date":"2023-08-02T12:56:27","date_gmt":"2023-08-02T12:56:27","guid":{"rendered":"https:\/\/trastosiandromines.com\/?page_id=424"},"modified":"2023-08-09T14:45:59","modified_gmt":"2023-08-09T14:45:59","slug":"aviso-legal","status":"publish","type":"page","link":"https:\/\/trastosiandromines.com\/es\/aviso-legal\/","title":{"rendered":"Aviso legal"},"content":{"rendered":"\t\t<div data-elementor-type=\"wp-page\" data-elementor-id=\"424\" class=\"elementor elementor-424\" data-elementor-post-type=\"page\">\n\t\t\t\t\t\t<section class=\"elementor-section elementor-top-section elementor-element elementor-element-54608010 elementor-section-boxed elementor-section-height-default elementor-section-height-default\" data-id=\"54608010\" data-element_type=\"section\" data-settings=\"{&quot;background_background&quot;:&quot;classic&quot;}\">\n\t\t\t\t\t\t\t<div class=\"elementor-background-overlay\"><\/div>\n\t\t\t\t\t\t\t<div class=\"elementor-container elementor-column-gap-default\">\n\t\t\t\t\t<div class=\"elementor-column elementor-col-100 elementor-top-column elementor-element elementor-element-70a17e6e\" data-id=\"70a17e6e\" data-element_type=\"column\">\n\t\t\t<div class=\"elementor-widget-wrap elementor-element-populated\">\n\t\t\t\t\t\t\t<\/div>\n\t\t<\/div>\n\t\t\t\t\t<\/div>\n\t\t<\/section>\n\t\t\t\t<section class=\"elementor-section elementor-top-section elementor-element elementor-element-3865b137 elementor-section-boxed elementor-section-height-default elementor-section-height-default\" data-id=\"3865b137\" data-element_type=\"section\">\n\t\t\t\t\t\t<div class=\"elementor-container elementor-column-gap-default\">\n\t\t\t\t\t<div class=\"elementor-column elementor-col-100 elementor-top-column elementor-element elementor-element-76cd46ca\" data-id=\"76cd46ca\" data-element_type=\"column\">\n\t\t\t<div class=\"elementor-widget-wrap elementor-element-populated\">\n\t\t\t\t\t\t<div class=\"elementor-element elementor-element-5083533 elementor-widget elementor-widget-text-editor\" data-id=\"5083533\" data-element_type=\"widget\" data-widget_type=\"text-editor.default\">\n\t\t\t\t<div class=\"elementor-widget-container\">\n\t\t\t\t\t\t\t\t\t<p>De conformidad con la Ley 34\/2002, de Servicios de la Sociedad de la Informaci\u00f3n y de Comercio Electr\u00f3nico, le informamos que esta web es titularidad de Margarida Simon Figueras, (en adelante \u201cEL TITULAR\u201d), con CIF: 40303020-M, con domicilio en C\/Barcelona 33 Aiguaviva, Girona (17181); tel\u00e9fono 639456575.<\/p><p class=\"titol text-bold text-uppercase \"><strong>PROPIEDAD INTELECTUAL E INDUSTRIAL<\/strong><\/p><p>Los contenidos de este sitio, incluyendo los textos, im\u00e1genes y dise\u00f1os gr\u00e1ficos, pertenecen a EL TITULAR, o a terceros que han autorizado su uso. EL TITULAR presenta estos contenidos con fines de informaci\u00f3n y promoci\u00f3n. EL TITULAR autoriza su utilizaci\u00f3n exclusivamente con estas finalidades. Cualquier utilizaci\u00f3n de estos dise\u00f1os, im\u00e1genes o textos deber\u00e1 citar expresamente su pertenencia a EL TITULAR, quien se reserva el derecho a iniciar las acciones legales oportunas para reparar los da\u00f1os y perjuicios causados por cualquier acto que vulnere sus derechos de propiedad intelectual o industrial.<\/p><p class=\"titol text-bold text-uppercase \"><strong>EXCLUSI\u00d3N DE RESPONSABILIDAD<\/strong><\/p><p>EL TITULAR act\u00faa con la m\u00e1xima diligencia posible para que los datos y la informaci\u00f3n que ofrece en su sitio web est\u00e9 actualizada en tomo momento, si bien no garantiza ni se hace responsable de la exactitud y actualizaci\u00f3n de los contenidos del sitio web, reserv\u00e1ndose el derecho a modificar dichos contenidos en cualquier momento. EL TITULAR tampoco ser\u00e1 responsable de la informaci\u00f3n que se pueda obtener a trav\u00e9s de enlaces incluidos en el sitio web.<\/p><p>Las relaciones comerciales con los clientes se regir\u00e1n por las Condiciones Generales que, en su caso, se establezcan por EL TITULAR en un documento espec\u00edfico a tal efecto, o por los pactos concretos que pudieran acordarse con los clientes.<\/p><p class=\"titol text-bold text-uppercase \"><strong>CONDICIONES DE USO<\/strong><\/p><p>El uso de este sitio web implica la aceptaci\u00f3n plena de los t\u00e9rminos del presente aviso legal. Los posibles conflictos relativos a esta web se regir\u00e1n exclusivamente por el derecho del Estado Espa\u00f1ol. Toda persona usuaria de la web, independientemente de la jurisdicci\u00f3n territorial desde la cual se produzca su acceso, acepta el cumplimiento y respeto de estas cl\u00e1usulas con renuncia expresa a cualquier otro fuero que pudiera corresponderle.<\/p>\t\t\t\t\t\t\t\t<\/div>\n\t\t\t\t<\/div>\n\t\t\t\t\t<\/div>\n\t\t<\/div>\n\t\t\t\t\t<\/div>\n\t\t<\/section>\n\t\t\t\t<\/div>\n\t\t","protected":false},"excerpt":{"rendered":"<p>De conformidad con la Ley 34\/2002, de Servicios de la Sociedad de la Informaci\u00f3n y de Comercio Electr\u00f3nico, le informamos que esta web es titularidad de Margarida Simon Figueras, (en adelante \u201cEL TITULAR\u201d), con CIF: 40303020-M, con domicilio en C\/Barcelona 33 Aiguaviva, Girona (17181); tel\u00e9fono 639456575. PROPIEDAD INTELECTUAL E INDUSTRIAL Los contenidos de este sitio,&hellip;&nbsp;<a href=\"https:\/\/trastosiandromines.com\/es\/aviso-legal\/\" rel=\"bookmark\"><span class=\"screen-reader-text\">Aviso legal<\/span><\/a><\/p>\n","protected":false},"author":1,"featured_media":0,"parent":0,"menu_order":0,"comment_status":"closed","ping_status":"closed","template":"page-templates\/template-pagebuilder-full-width.php","meta":{"neve_meta_sidebar":"","neve_meta_container":"","neve_meta_enable_content_width":"off","neve_meta_content_width":100,"neve_meta_title_alignment":"","neve_meta_author_avatar":"","neve_post_elements_order":"","neve_meta_disable_header":"","neve_meta_disable_footer":"","neve_meta_disable_title":"","footnotes":""},"class_list":["post-424","page","type-page","status-publish","hentry"],"yoast_head":"<!-- This site is optimized with the Yoast SEO plugin v26.7 - https:\/\/yoast.com\/wordpress\/plugins\/seo\/ -->\n<title>Aviso legal - Trastos y andr\u00f3minas<\/title>\n<meta name=\"robots\" content=\"index, follow, max-snippet:-1, max-image-preview:large, max-video-preview:-1\" \/>\n<link rel=\"canonical\" href=\"https:\/\/trastosiandromines.com\/es\/aviso-legal\/\" \/>\n<meta property=\"og:locale\" content=\"es_ES\" \/>\n<meta property=\"og:type\" content=\"article\" \/>\n<meta property=\"og:title\" content=\"Aviso legal - Trastos y andr\u00f3minas\" \/>\n<meta property=\"og:description\" content=\"De conformidad con la Ley 34\/2002, de Servicios de la Sociedad de la Informaci\u00f3n y de Comercio Electr\u00f3nico, le informamos que esta web es titularidad de Margarida Simon Figueras, (en adelante \u201cEL TITULAR\u201d), con CIF: 40303020-M, con domicilio en C\/Barcelona 33 Aiguaviva, Girona (17181); tel\u00e9fono 639456575. PROPIEDAD INTELECTUAL E INDUSTRIAL Los contenidos de este sitio,&hellip;&nbsp;Aviso legal\" \/>\n<meta property=\"og:url\" content=\"https:\/\/trastosiandromines.com\/es\/aviso-legal\/\" \/>\n<meta property=\"og:site_name\" content=\"Trastos y andr\u00f3minas\" \/>\n<meta property=\"article:modified_time\" content=\"2023-08-09T14:45:59+00:00\" \/>\n<meta name=\"twitter:card\" content=\"summary_large_image\" \/>\n<meta name=\"twitter:label1\" content=\"Tiempo de lectura\" \/>\n\t<meta name=\"twitter:data1\" content=\"2 minutos\" \/>\n<script type=\"application\/ld+json\" class=\"yoast-schema-graph\">{\"@context\":\"https:\/\/schema.org\",\"@graph\":[{\"@type\":\"WebPage\",\"@id\":\"https:\/\/trastosiandromines.com\/aviso-legal\/\",\"url\":\"https:\/\/trastosiandromines.com\/aviso-legal\/\",\"name\":\"Aviso legal - Trastos y andr\u00f3minas\",\"isPartOf\":{\"@id\":\"https:\/\/trastosiandromines.com\/es\/#website\"},\"datePublished\":\"2023-08-02T12:56:27+00:00\",\"dateModified\":\"2023-08-09T14:45:59+00:00\",\"breadcrumb\":{\"@id\":\"https:\/\/trastosiandromines.com\/aviso-legal\/#breadcrumb\"},\"inLanguage\":\"es\",\"potentialAction\":[{\"@type\":\"ReadAction\",\"target\":[\"https:\/\/trastosiandromines.com\/aviso-legal\/\"]}]},{\"@type\":\"BreadcrumbList\",\"@id\":\"https:\/\/trastosiandromines.com\/aviso-legal\/#breadcrumb\",\"itemListElement\":[{\"@type\":\"ListItem\",\"position\":1,\"name\":\"Portada\",\"item\":\"https:\/\/trastosiandromines.com\/\"},{\"@type\":\"ListItem\",\"position\":2,\"name\":\"Aviso legal\"}]},{\"@type\":\"WebSite\",\"@id\":\"https:\/\/trastosiandromines.com\/es\/#website\",\"url\":\"https:\/\/trastosiandromines.com\/es\/\",\"name\":\"Trastos y andr\u00f3minas\",\"description\":\"Tu tienda de antig\u00fcedades y art\u00edculos de coleccionismo de confianza.\",\"potentialAction\":[{\"@type\":\"SearchAction\",\"target\":{\"@type\":\"EntryPoint\",\"urlTemplate\":\"https:\/\/trastosiandromines.com\/es\/?s={search_term_string}\"},\"query-input\":{\"@type\":\"PropertyValueSpecification\",\"valueRequired\":true,\"valueName\":\"search_term_string\"}}],\"inLanguage\":\"es\"}]}<\/script>\n<!-- \/ Yoast SEO plugin. -->","yoast_head_json":{"title":"Aviso legal - Trastos y andr\u00f3minas","robots":{"index":"index","follow":"follow","max-snippet":"max-snippet:-1","max-image-preview":"max-image-preview:large","max-video-preview":"max-video-preview:-1"},"canonical":"https:\/\/trastosiandromines.com\/es\/aviso-legal\/","og_locale":"es_ES","og_type":"article","og_title":"Aviso legal - Trastos y andr\u00f3minas","og_description":"De conformidad con la Ley 34\/2002, de Servicios de la Sociedad de la Informaci\u00f3n y de Comercio Electr\u00f3nico, le informamos que esta web es titularidad de Margarida Simon Figueras, (en adelante \u201cEL TITULAR\u201d), con CIF: 40303020-M, con domicilio en C\/Barcelona 33 Aiguaviva, Girona (17181); tel\u00e9fono 639456575. PROPIEDAD INTELECTUAL E INDUSTRIAL Los contenidos de este sitio,&hellip;&nbsp;Aviso legal","og_url":"https:\/\/trastosiandromines.com\/es\/aviso-legal\/","og_site_name":"Trastos y andr\u00f3minas","article_modified_time":"2023-08-09T14:45:59+00:00","twitter_card":"summary_large_image","twitter_misc":{"Tiempo de lectura":"2 minutos"},"schema":{"@context":"https:\/\/schema.org","@graph":[{"@type":"WebPage","@id":"https:\/\/trastosiandromines.com\/aviso-legal\/","url":"https:\/\/trastosiandromines.com\/aviso-legal\/","name":"Aviso legal - Trastos y andr\u00f3minas","isPartOf":{"@id":"https:\/\/trastosiandromines.com\/es\/#website"},"datePublished":"2023-08-02T12:56:27+00:00","dateModified":"2023-08-09T14:45:59+00:00","breadcrumb":{"@id":"https:\/\/trastosiandromines.com\/aviso-legal\/#breadcrumb"},"inLanguage":"es","potentialAction":[{"@type":"ReadAction","target":["https:\/\/trastosiandromines.com\/aviso-legal\/"]}]},{"@type":"BreadcrumbList","@id":"https:\/\/trastosiandromines.com\/aviso-legal\/#breadcrumb","itemListElement":[{"@type":"ListItem","position":1,"name":"Portada","item":"https:\/\/trastosiandromines.com\/"},{"@type":"ListItem","position":2,"name":"Aviso legal"}]},{"@type":"WebSite","@id":"https:\/\/trastosiandromines.com\/es\/#website","url":"https:\/\/trastosiandromines.com\/es\/","name":"Trastos y andr\u00f3minas","description":"Tu tienda de antig\u00fcedades y art\u00edculos de coleccionismo de confianza.","potentialAction":[{"@type":"SearchAction","target":{"@type":"EntryPoint","urlTemplate":"https:\/\/trastosiandromines.com\/es\/?s={search_term_string}"},"query-input":{"@type":"PropertyValueSpecification","valueRequired":true,"valueName":"search_term_string"}}],"inLanguage":"es"}]}},"_links":{"self":[{"href":"https:\/\/trastosiandromines.com\/es\/wp-json\/wp\/v2\/pages\/424","targetHints":{"allow":["GET"]}}],"collection":[{"href":"https:\/\/trastosiandromines.com\/es\/wp-json\/wp\/v2\/pages"}],"about":[{"href":"https:\/\/trastosiandromines.com\/es\/wp-json\/wp\/v2\/types\/page"}],"author":[{"embeddable":true,"href":"https:\/\/trastosiandromines.com\/es\/wp-json\/wp\/v2\/users\/1"}],"replies":[{"embeddable":true,"href":"https:\/\/trastosiandromines.com\/es\/wp-json\/wp\/v2\/comments?post=424"}],"version-history":[{"count":10,"href":"https:\/\/trastosiandromines.com\/es\/wp-json\/wp\/v2\/pages\/424\/revisions"}],"predecessor-version":[{"id":549,"href":"https:\/\/trastosiandromines.com\/es\/wp-json\/wp\/v2\/pages\/424\/revisions\/549"}],"wp:attachment":[{"href":"https:\/\/trastosiandromines.com\/es\/wp-json\/wp\/v2\/media?parent=424"}],"curies":[{"name":"wp","href":"https:\/\/api.w.org\/{rel}","templated":true}]}}