{"id":429,"date":"2023-08-02T12:58:16","date_gmt":"2023-08-02T12:58:16","guid":{"rendered":"https:\/\/trastosiandromines.com\/?page_id=429"},"modified":"2023-08-02T12:59:08","modified_gmt":"2023-08-02T12:59:08","slug":"politica-de-cookies","status":"publish","type":"page","link":"https:\/\/trastosiandromines.com\/fr\/politica-de-cookies\/","title":{"rendered":"Politique en mati\u00e8re de cookies"},"content":{"rendered":"<div data-elementor-type=\"wp-page\" data-elementor-id=\"429\" class=\"elementor elementor-429\" data-elementor-post-type=\"page\">\n\t\t\t\t\t\t<section class=\"elementor-section elementor-top-section elementor-element elementor-element-54608010 elementor-section-boxed elementor-section-height-default elementor-section-height-default\" data-id=\"54608010\" data-element_type=\"section\" data-settings=\"{&quot;background_background&quot;:&quot;classic&quot;}\">\n\t\t\t\t\t\t\t<div class=\"elementor-background-overlay\"><\/div>\n\t\t\t\t\t\t\t<div class=\"elementor-container elementor-column-gap-default\">\n\t\t\t\t\t<div class=\"elementor-column elementor-col-100 elementor-top-column elementor-element elementor-element-70a17e6e\" data-id=\"70a17e6e\" data-element_type=\"column\">\n\t\t\t<div class=\"elementor-widget-wrap elementor-element-populated\">\n\t\t\t\t\t\t\t<\/div>\n\t\t<\/div>\n\t\t\t\t\t<\/div>\n\t\t<\/section>\n\t\t\t\t<section class=\"elementor-section elementor-top-section elementor-element elementor-element-3865b137 elementor-section-boxed elementor-section-height-default elementor-section-height-default\" data-id=\"3865b137\" data-element_type=\"section\">\n\t\t\t\t\t\t<div class=\"elementor-container elementor-column-gap-default\">\n\t\t\t\t\t<div class=\"elementor-column elementor-col-100 elementor-top-column elementor-element elementor-element-76cd46ca\" data-id=\"76cd46ca\" data-element_type=\"column\">\n\t\t\t<div class=\"elementor-widget-wrap elementor-element-populated\">\n\t\t\t\t\t\t<div class=\"elementor-element elementor-element-5083533 elementor-widget elementor-widget-text-editor\" data-id=\"5083533\" data-element_type=\"widget\" data-widget_type=\"text-editor.default\">\n\t\t\t\t<div class=\"elementor-widget-container\">\n\t\t\t\t\t\t\t\t\t<p>Notre site web trastosiandromines.com il utilise une technologie appel\u00e9e &#034;cookies&#034;, dans le but d&#039;obtenir des informations sur l&#039;utilisation du site web, afin d&#039;am\u00e9liorer l&#039;exp\u00e9rience de l&#039;utilisateur et assurer son bon fonctionnement.<\/p><p>\u00a0<\/p><p class=\"titol text-bold\"><strong>D\u00e9finition de Cookie<\/strong><\/p><p>Un &#034;cookie&#034; est un petit fragment de texte que les sites web envoient \u00e0 l&#039;navigateur et qui sont stock\u00e9s sur votre terminal (ordinateur ou appareil mobile). Ces fichiers ont le but de stocker des donn\u00e9es qui peuvent \u00eatre mis \u00e0 jour et r\u00e9cup\u00e9r\u00e9es par l&#039;entit\u00e9 responsable de son installation. Donc, chaque fois que l&#039;utilisateur revient sur le m\u00eame site web, le navigateur r\u00e9cup\u00e8re le fichier et l&#039;envoie au serveur du site web. Les Cookies ont plusieurs fonctions, y compris la collecte d&#039;informations sur les pr\u00e9f\u00e9rences de l&#039;utilisateur et s&#039;en souvenir, et, en g\u00e9n\u00e9ral, afin de faciliter l&#039;utilisation du site pour l&#039;utilisateur, ce qui rend le site plus utile pour personnaliser votre contenu.<\/p><p>\u00a0<\/p><p><strong>Les Cookies peuvent \u00eatre class\u00e9s en fonction de diff\u00e9rents param\u00e8tres:<\/strong><\/p><ol class=\"\"><li><div class=\"cont\"><p><span class=\"text-bold\">Titre:<\/span>\u00a0cookies propres et les cookies tiers: en fonction de l&#039;entit\u00e9 qui g\u00e8re le domaine \u00e0 partir duquel l&#039;envoi de cookies et de traiter les donn\u00e9es obtenues.<\/p><\/div><\/li><li><div class=\"cont\"><p><span class=\"text-bold\">Dur\u00e9e:<\/span>\u00a0les cookies de session et des cookies persistants: conform\u00e9ment \u00e0 la p\u00e9riode de temps qu&#039;ils restent stock\u00e9es dans le terminal de l&#039;utilisateur.<\/p><\/div><\/li><li><div class=\"cont\"><p><span class=\"text-bold\">But:<\/span>\u00a0technique des cookies, des cookies, des cookies de personnalisation, l&#039;analyse des cookies, des cookies publicitaires de la publicit\u00e9 comportementale, conform\u00e9ment \u00e0 la finalit\u00e9 pour laquelle les donn\u00e9es sont trait\u00e9es obtenues.<\/p><ul class=\"\"><li><div class=\"cont\"><p><span class=\"text-underline\">Cookies Techniques:<\/span>\u00a0sont ceux qui permettent \u00e0 l&#039;utilisateur de naviguer dans la page web ou l&#039;application et de l&#039;utilisation des diff\u00e9rentes options ou services qu&#039;elle existe. Par exemple, contr\u00f4ler le trafic et la communication de donn\u00e9es, identifier la session ou de l&#039;acc\u00e8s au web des pi\u00e8ces d&#039;acc\u00e8s restreint.<\/p><\/div><\/li><li><div class=\"cont\"><p><span class=\"text-underline\">Cookies de personnalisation:<\/span>\u00a0sont ceux qui permettent \u00e0 l&#039;utilisateur d&#039;acc\u00e9der au service avec certaines des caract\u00e9ristiques de nature g\u00e9n\u00e9rale pr\u00e9d\u00e9finis dans votre terminal ou que l&#039;utilisateur d\u00e9finit. Par exemple, la langue, le type de navigateur qui acc\u00e8de au service, ou de la conception de contenu s\u00e9lectionn\u00e9.<\/p><\/div><\/li><li><div class=\"cont\"><p><span class=\"text-underline\">Cookies d&#039;analyse:<\/span>\u00a0sont ceux qui sont trait\u00e9s par nous ou par des tiers, nous permettent de quantifier le nombre d&#039;utilisateurs et donc d&#039;effectuer une analyse statistique de l&#039;utilisation que les utilisateurs font du service offert. Pour cela, nous pouvons analyser votre navigation sur notre site internet afin d&#039;am\u00e9liorer l&#039;offre de produits ou de services que nous offrons.<\/p><\/div><\/li><li><div class=\"cont\"><p><span class=\"text-underline\">Les Cookies de publicit\u00e9:<\/span>\u00a0sont ceux qui permettent la gestion, de la mani\u00e8re la plus efficace possible, des espaces publicitaires que, le cas \u00e9ch\u00e9ant, l&#039;\u00e9diteur a inclus dans une page web, l&#039;application ou la plate-forme \u00e0 partir de laquelle le service est demand\u00e9 bas\u00e9 sur des crit\u00e8res comme le contenu \u00e9dit\u00e9 ou la fr\u00e9quence \u00e0 laquelle les annonces sont affich\u00e9es.<\/p><\/div><\/li><li><div class=\"cont\"><p><span class=\"text-underline\">Les Cookies de publicit\u00e9 comportementale:<\/span>\u00a0sont ceux qui permettent la gestion, de la mani\u00e8re la plus efficace possible, des espaces publicitaires que, le cas \u00e9ch\u00e9ant, l&#039;\u00e9diteur a inclus dans une page web, l&#039;application ou la plate-forme de fournir le service demand\u00e9. Ces cookies stockent des informations de comportement de l&#039;utilisateur obtenus par suite de l&#039;observation de leurs habitudes de navigation, permettant de d\u00e9velopper un profil sp\u00e9cifique pour afficher de la publicit\u00e9 en fonction de la m\u00eame chose.<\/p><p>\u00a0<\/p><\/div><\/li><\/ul><\/div><\/li><\/ol><p class=\"titol text-bold\"><strong>Les Cookies utilis\u00e9s sur notre site web<\/strong><\/p><p>Notre site utilise des cookies de tierces parties, qui sont envoy\u00e9s \u00e0 votre appareil et g\u00e9r\u00e9 exclusivement par nous pour le meilleur fonctionnement de ce site, les cookies tiers, dont la fonction est de servir comme un outil pour l&#039;analyse de l&#039;interaction des utilisateurs avec notre site web, gr\u00e2ce \u00e0 eux, nous obtenons une information qui peut vous aider \u00e0 am\u00e9liorer la navigation et de fournir un meilleur service aux utilisateurs.<\/p><p>Nous utilisons des cookies de session les cookies persistants. Les cookies de Session stocker les donn\u00e9es que pendant que l&#039;utilisateur navigue sur le web et les cookies persistants stockent des donn\u00e9es dans le terminal pour \u00eatre consult\u00e9 et utilis\u00e9 dans plus d&#039;une session.<\/p><p>Plus pr\u00e9cis\u00e9ment les cookies utilis\u00e9s sur notre site sont les suivants:<\/p><p class=\"text-underline\">La premi\u00e8re partie de Cookies:<\/p><p>Premi\u00e8re partie les cookies utilis\u00e9s sur notre site web sont de nature technique, qui sont essentielles pour le fonctionnement du site.<\/p><p class=\"text-underline\">Cookies de tiers:<\/p><table><tbody><tr><th>Cookie<\/th><th>Titulaire<\/th><th>But<\/th><th>Dur\u00e9e<\/th><\/tr><tr><td>__utmz, __ utmc, __utma, __utmb,__utmt, __ga __gat<\/td><td>Google Inc. (Google Analytics)<\/td><td>Analytics: analyse le trafic de ce site.<\/td><td>Session et persistants<\/td><\/tr><\/tbody><\/table><p>Pour plus d&#039;informations sur les cookies et\/ou pour leur d\u00e9sactivation, vous pouvez cliquer sur les liens dans le nom des propri\u00e9taires diff\u00e9rents.<\/p><p>Enfin, nous utilisons \u00e9galement des cookies compl\u00e9mentaires (plug-in) pour un \u00e9change de contenu social.<\/p><p>\u00a0<\/p><p class=\"titol text-bold\"><strong>Consentement<\/strong><\/p><p>Lors de la navigation et de poursuivre sur notre site web, vous consentez \u00e0 l&#039;utilisation de cookies avant \u00e9nonc\u00e9es, pour les p\u00e9riodes indiqu\u00e9es et selon les conditions contenues dans la pr\u00e9sente Politique en mati\u00e8re de Cookies<\/p><p>Nous vous informons \u00e9galement que si vous voyez le contenu de notre site web sont h\u00e9berg\u00e9s sur des sites web de tiers, ces derniers ont leur propre politique en mati\u00e8re de cookies.<\/p><p>\u00a0<\/p><p class=\"titol text-bold\"><strong>Retrait du consentement<\/strong><\/p><p>L&#039;utilisateur peut retirer votre consentement \u00e0 tout moment en relation avec la pr\u00e9sente Politique en mati\u00e8re de Cookies, pour cela, vous devez supprimer les cookies stock\u00e9s sur votre ordinateur en utilisant les param\u00e8tres et les configurations de votre navigateur Internet.<\/p><p>\u00a0<\/p><p class=\"titol text-bold\"><strong>Modification de la configuration des cookies<\/strong><\/p><p><a name=\"cookies-config\"><\/a><\/p><p>L&#039;utilisateur peut restreindre, bloquer ou effacer les cookies de tous les sites web \u00e0 l&#039;aide de son navigateur. Dans chaque navigateur, le fonctionnement est diff\u00e9rent, donc v\u00e9rifiez les liens ci-dessous comment le faire<\/p><div class=\"cont\"><ul><li><b>Internet Explorer:<\/b>\u00a0<a href=\"https:\/\/support.microsoft.com\/es-es\/help\/17442\/windows-internet-explorer-delete-manage-cookies#ie=ie-11\" target=\"_blank\" rel=\"noopener\">https:\/\/support.microsoft.com\/es-es\/help\/17442\/windows-internet-explorer-delete-manage-cookies#ie=ie-11<\/a><\/li><\/ul><\/div><div class=\"cont\"><ul><li><b>Edge:<\/b>\u00a0<a href=\"https:\/\/support.microsoft.com\/es-es\/help\/4468242\/microsoft-edge-browsing-data-and-privacy-microsoft-privacy\" target=\"_blank\" rel=\"noopener\">https:\/\/support.microsoft.com\/es-es\/help\/4468242\/microsoft-edge-browsing-data-and-privacy-microsoft-privacy<\/a><\/li><\/ul><\/div><div class=\"cont\"><ul><li><b>FireFox:<\/b>\u00a0<a href=\"https:\/\/support.mozilla.org\/es\/kb\/clear-cookies-and-site-data-firefox\" target=\"_blank\" rel=\"noopener\">https:\/\/support.mozilla.org\/es\/kb\/clear-cookies-and-site-data-firefox<\/a><\/li><\/ul><\/div><div class=\"cont\"><ul><li><b>Chrome:<\/b>\u00a0<a href=\"https:\/\/support.google.com\/chrome\/answer\/95647?hl=es\" target=\"_blank\" rel=\"noopener\">https:\/\/support.google.com\/chrome\/answer\/95647?hl=es<\/a><\/li><\/ul><\/div><div class=\"cont\"><ul><li><b>Safari (mac):<\/b>\u00a0<a href=\"https:\/\/support.apple.com\/es-es\/guide\/safari\/manage-cookies-and-website-data-sfri11471\/mac\" target=\"_blank\" rel=\"noopener\">https:\/\/support.apple.com\/es-es\/guide\/safari\/manage-cookies-and-website-data-sfri11471\/mac<\/a><\/li><\/ul><\/div><div class=\"cont\"><ul><li><b>Safari (iPhone\/iPad):<\/b>\u00a0<a href=\"https:\/\/support.apple.com\/es-es\/HT201265\" target=\"_blank\" rel=\"noopener\">https:\/\/support.apple.com\/es-es\/HT201265<\/a><\/li><\/ul><\/div><div class=\"cont\"><ul><li><b>Op\u00e9ra:<\/b>\u00a0<a href=\"https:\/\/help.opera.com\/en\/latest\/web-preferences\/#cookies\" target=\"_blank\" rel=\"noopener\">https:\/\/help.opera.com\/en\/latest\/web-preferences\/#cookies<\/a><\/li><\/ul><\/div><p>Pour plus d&#039;informations sur la suppression, d\u00e9sactivation ou le blocage des cookies peut \u00e9galement visiter:<br \/><a href=\"http:\/\/www.aboutcookies.org\/Default.aspx?page=2\" target=\"_blank\" rel=\"noopener\">http:\/\/www.aboutcookies.org\/Default.aspx?page=2<\/a><\/p><p>\u00a0<\/p><p class=\"titol text-bold\"><strong>Mise \u00e0 jour de la politique en mati\u00e8re de cookies<\/strong><\/p><p>Ce site web peut modifier la pr\u00e9sente Politique en mati\u00e8re de Cookies, par cons\u00e9quent, nous vous recommandons de consulter cette politique chaque fois que vous acc\u00e9dez \u00e0 notre site web afin d&#039;\u00eatre correctement inform\u00e9s sur l&#039;utilisation que nous faisons des cookies.<\/p>\t\t\t\t\t\t\t\t<\/div>\n\t\t\t\t<\/div>\n\t\t\t\t\t<\/div>\n\t\t<\/div>\n\t\t\t\t\t<\/div>\n\t\t<\/section>\n\t\t\t\t<\/div>","protected":false},"excerpt":{"rendered":"<p>Nuestro sitio web trastosiandromines.com utiliza una tecnolog\u00eda llamada \u2018cookie\u2019, con el fin de poder obtener informaci\u00f3n sobre el uso del sitio web, mejorar la experiencia del usuario y garantizar el su correcto funcionamiento. \u00a0 Definici\u00f3n de Cookie Una \u2018cookie\u2019 es un peque\u00f1o fragmento de texto que los sitios web env\u00edan al navegador y que se&hellip;&nbsp;<a href=\"https:\/\/trastosiandromines.com\/fr\/politica-de-cookies\/\" rel=\"bookmark\"><span class=\"screen-reader-text\">Politique en mati\u00e8re de cookies<\/span><\/a><\/p>","protected":false},"author":1,"featured_media":0,"parent":0,"menu_order":0,"comment_status":"closed","ping_status":"closed","template":"page-templates\/template-pagebuilder-full-width.php","meta":{"neve_meta_sidebar":"","neve_meta_container":"","neve_meta_enable_content_width":"off","neve_meta_content_width":100,"neve_meta_title_alignment":"","neve_meta_author_avatar":"","neve_post_elements_order":"","neve_meta_disable_header":"","neve_meta_disable_footer":"","neve_meta_disable_title":"","footnotes":""},"class_list":["post-429","page","type-page","status-publish","hentry"],"yoast_head":"<!-- This site is optimized with the Yoast SEO plugin v26.7 - https:\/\/yoast.com\/wordpress\/plugins\/seo\/ -->\n<title>Pol\u00edtica de cookies - Trastos y andr\u00f3minas<\/title>\n<meta name=\"robots\" content=\"index, follow, max-snippet:-1, max-image-preview:large, max-video-preview:-1\" \/>\n<link rel=\"canonical\" href=\"https:\/\/trastosiandromines.com\/fr\/politica-de-cookies\/\" \/>\n<meta property=\"og:locale\" content=\"fr_FR\" \/>\n<meta property=\"og:type\" content=\"article\" \/>\n<meta property=\"og:title\" content=\"Pol\u00edtica de cookies - Trastos y andr\u00f3minas\" \/>\n<meta property=\"og:description\" content=\"Nuestro sitio web trastosiandromines.com utiliza una tecnolog\u00eda llamada \u2018cookie\u2019, con el fin de poder obtener informaci\u00f3n sobre el uso del sitio web, mejorar la experiencia del usuario y garantizar el su correcto funcionamiento. \u00a0 Definici\u00f3n de Cookie Una \u2018cookie\u2019 es un peque\u00f1o fragmento de texto que los sitios web env\u00edan al navegador y que se&hellip;&nbsp;Pol\u00edtica de cookies\" \/>\n<meta property=\"og:url\" content=\"https:\/\/trastosiandromines.com\/fr\/politica-de-cookies\/\" \/>\n<meta property=\"og:site_name\" content=\"Trastos y andr\u00f3minas\" \/>\n<meta property=\"article:modified_time\" content=\"2023-08-02T12:59:08+00:00\" \/>\n<meta name=\"twitter:card\" content=\"summary_large_image\" \/>\n<meta name=\"twitter:label1\" content=\"Dur\u00e9e de lecture estim\u00e9e\" \/>\n\t<meta name=\"twitter:data1\" content=\"5 minutes\" \/>\n<script type=\"application\/ld+json\" class=\"yoast-schema-graph\">{\"@context\":\"https:\/\/schema.org\",\"@graph\":[{\"@type\":\"WebPage\",\"@id\":\"https:\/\/trastosiandromines.com\/politica-de-cookies\/\",\"url\":\"https:\/\/trastosiandromines.com\/politica-de-cookies\/\",\"name\":\"Pol\u00edtica de cookies - Trastos y andr\u00f3minas\",\"isPartOf\":{\"@id\":\"https:\/\/trastosiandromines.com\/es\/#website\"},\"datePublished\":\"2023-08-02T12:58:16+00:00\",\"dateModified\":\"2023-08-02T12:59:08+00:00\",\"breadcrumb\":{\"@id\":\"https:\/\/trastosiandromines.com\/politica-de-cookies\/#breadcrumb\"},\"inLanguage\":\"fr-FR\",\"potentialAction\":[{\"@type\":\"ReadAction\",\"target\":[\"https:\/\/trastosiandromines.com\/politica-de-cookies\/\"]}]},{\"@type\":\"BreadcrumbList\",\"@id\":\"https:\/\/trastosiandromines.com\/politica-de-cookies\/#breadcrumb\",\"itemListElement\":[{\"@type\":\"ListItem\",\"position\":1,\"name\":\"Portada\",\"item\":\"https:\/\/trastosiandromines.com\/\"},{\"@type\":\"ListItem\",\"position\":2,\"name\":\"Pol\u00edtica de cookies\"}]},{\"@type\":\"WebSite\",\"@id\":\"https:\/\/trastosiandromines.com\/es\/#website\",\"url\":\"https:\/\/trastosiandromines.com\/es\/\",\"name\":\"Trastos y andr\u00f3minas\",\"description\":\"Tu tienda de antig\u00fcedades y art\u00edculos de coleccionismo de confianza.\",\"potentialAction\":[{\"@type\":\"SearchAction\",\"target\":{\"@type\":\"EntryPoint\",\"urlTemplate\":\"https:\/\/trastosiandromines.com\/es\/?s={search_term_string}\"},\"query-input\":{\"@type\":\"PropertyValueSpecification\",\"valueRequired\":true,\"valueName\":\"search_term_string\"}}],\"inLanguage\":\"fr-FR\"}]}<\/script>\n<!-- \/ Yoast SEO plugin. -->","yoast_head_json":{"title":"Pol\u00edtica de cookies - Trastos y andr\u00f3minas","robots":{"index":"index","follow":"follow","max-snippet":"max-snippet:-1","max-image-preview":"max-image-preview:large","max-video-preview":"max-video-preview:-1"},"canonical":"https:\/\/trastosiandromines.com\/fr\/politica-de-cookies\/","og_locale":"fr_FR","og_type":"article","og_title":"Pol\u00edtica de cookies - Trastos y andr\u00f3minas","og_description":"Nuestro sitio web trastosiandromines.com utiliza una tecnolog\u00eda llamada \u2018cookie\u2019, con el fin de poder obtener informaci\u00f3n sobre el uso del sitio web, mejorar la experiencia del usuario y garantizar el su correcto funcionamiento. \u00a0 Definici\u00f3n de Cookie Una \u2018cookie\u2019 es un peque\u00f1o fragmento de texto que los sitios web env\u00edan al navegador y que se&hellip;&nbsp;Pol\u00edtica de cookies","og_url":"https:\/\/trastosiandromines.com\/fr\/politica-de-cookies\/","og_site_name":"Trastos y andr\u00f3minas","article_modified_time":"2023-08-02T12:59:08+00:00","twitter_card":"summary_large_image","twitter_misc":{"Dur\u00e9e de lecture estim\u00e9e":"5 minutes"},"schema":{"@context":"https:\/\/schema.org","@graph":[{"@type":"WebPage","@id":"https:\/\/trastosiandromines.com\/politica-de-cookies\/","url":"https:\/\/trastosiandromines.com\/politica-de-cookies\/","name":"Pol\u00edtica de cookies - Trastos y andr\u00f3minas","isPartOf":{"@id":"https:\/\/trastosiandromines.com\/es\/#website"},"datePublished":"2023-08-02T12:58:16+00:00","dateModified":"2023-08-02T12:59:08+00:00","breadcrumb":{"@id":"https:\/\/trastosiandromines.com\/politica-de-cookies\/#breadcrumb"},"inLanguage":"fr-FR","potentialAction":[{"@type":"ReadAction","target":["https:\/\/trastosiandromines.com\/politica-de-cookies\/"]}]},{"@type":"BreadcrumbList","@id":"https:\/\/trastosiandromines.com\/politica-de-cookies\/#breadcrumb","itemListElement":[{"@type":"ListItem","position":1,"name":"Portada","item":"https:\/\/trastosiandromines.com\/"},{"@type":"ListItem","position":2,"name":"Pol\u00edtica de cookies"}]},{"@type":"WebSite","@id":"https:\/\/trastosiandromines.com\/es\/#website","url":"https:\/\/trastosiandromines.com\/es\/","name":"Lutter contre et andr\u00f3minas","description":"Tu tienda de antig\u00fcedades y art\u00edculos de coleccionismo de confianza.","potentialAction":[{"@type":"SearchAction","target":{"@type":"EntryPoint","urlTemplate":"https:\/\/trastosiandromines.com\/es\/?s={search_term_string}"},"query-input":{"@type":"PropertyValueSpecification","valueRequired":true,"valueName":"search_term_string"}}],"inLanguage":"fr-FR"}]}},"_links":{"self":[{"href":"https:\/\/trastosiandromines.com\/fr\/wp-json\/wp\/v2\/pages\/429","targetHints":{"allow":["GET"]}}],"collection":[{"href":"https:\/\/trastosiandromines.com\/fr\/wp-json\/wp\/v2\/pages"}],"about":[{"href":"https:\/\/trastosiandromines.com\/fr\/wp-json\/wp\/v2\/types\/page"}],"author":[{"embeddable":true,"href":"https:\/\/trastosiandromines.com\/fr\/wp-json\/wp\/v2\/users\/1"}],"replies":[{"embeddable":true,"href":"https:\/\/trastosiandromines.com\/fr\/wp-json\/wp\/v2\/comments?post=429"}],"version-history":[{"count":4,"href":"https:\/\/trastosiandromines.com\/fr\/wp-json\/wp\/v2\/pages\/429\/revisions"}],"predecessor-version":[{"id":433,"href":"https:\/\/trastosiandromines.com\/fr\/wp-json\/wp\/v2\/pages\/429\/revisions\/433"}],"wp:attachment":[{"href":"https:\/\/trastosiandromines.com\/fr\/wp-json\/wp\/v2\/media?parent=429"}],"curies":[{"name":"wp","href":"https:\/\/api.w.org\/{rel}","templated":true}]}}