{"id":14,"date":"2023-08-01T21:00:08","date_gmt":"2023-08-01T21:00:08","guid":{"rendered":"https:\/\/trastosiandromines.com\/cart\/"},"modified":"2023-08-02T12:38:36","modified_gmt":"2023-08-02T12:38:36","slug":"carrito","status":"publish","type":"page","link":"https:\/\/trastosiandromines.com\/pt\/carrito\/","title":{"rendered":"Carrinho"},"content":{"rendered":"<div data-elementor-type=\"wp-page\" data-elementor-id=\"14\" class=\"elementor elementor-14\" data-elementor-post-type=\"page\">\n\t\t\t\t\t\t<section class=\"elementor-section elementor-top-section elementor-element elementor-element-2a3d1cf5 elementor-section-boxed elementor-section-height-default elementor-section-height-default\" data-id=\"2a3d1cf5\" data-element_type=\"section\" data-settings=\"{&quot;background_background&quot;:&quot;classic&quot;}\">\n\t\t\t\t\t\t\t<div class=\"elementor-background-overlay\"><\/div>\n\t\t\t\t\t\t\t<div class=\"elementor-container elementor-column-gap-default\">\n\t\t\t\t\t<div class=\"elementor-column elementor-col-100 elementor-top-column elementor-element elementor-element-1cad52e3\" data-id=\"1cad52e3\" data-element_type=\"column\">\n\t\t\t<div class=\"elementor-widget-wrap elementor-element-populated\">\n\t\t\t\t\t\t\t<\/div>\n\t\t<\/div>\n\t\t\t\t\t<\/div>\n\t\t<\/section>\n\t\t\t\t<section class=\"elementor-section elementor-top-section elementor-element elementor-element-17155e78 elementor-section-boxed elementor-section-height-default elementor-section-height-default\" data-id=\"17155e78\" data-element_type=\"section\" data-settings=\"{&quot;background_background&quot;:&quot;classic&quot;}\">\n\t\t\t\t\t\t<div class=\"elementor-container elementor-column-gap-default\">\n\t\t\t\t\t<div class=\"elementor-column elementor-col-100 elementor-top-column elementor-element elementor-element-24ea9d7b\" data-id=\"24ea9d7b\" data-element_type=\"column\">\n\t\t\t<div class=\"elementor-widget-wrap elementor-element-populated\">\n\t\t\t\t\t\t\t<\/div>\n\t\t<\/div>\n\t\t\t\t\t<\/div>\n\t\t<\/section>\n\t\t\t\t<\/div>","protected":false},"excerpt":{"rendered":"<p>Eliminar art\u00edculo Imagen en miniatura Producto Precio Cantidad Subtotal &times; Aceitera doble 35.00&euro; Aceitera doble cantidad 35.00&euro; Actualizar carrito Total Subtotal 35.00&euro; Total 35.00&euro; Comprar<\/p>","protected":false},"author":1,"featured_media":0,"parent":0,"menu_order":0,"comment_status":"closed","ping_status":"closed","template":"page-templates\/template-pagebuilder-full-width.php","meta":{"neve_meta_sidebar":"","neve_meta_container":"","neve_meta_enable_content_width":"off","neve_meta_content_width":100,"neve_meta_title_alignment":"","neve_meta_author_avatar":"","neve_post_elements_order":"","neve_meta_disable_header":"","neve_meta_disable_footer":"","neve_meta_disable_title":"","footnotes":""},"class_list":["post-14","page","type-page","status-publish","hentry"],"yoast_head":"<!-- This site is optimized with the Yoast SEO plugin v26.7 - https:\/\/yoast.com\/wordpress\/plugins\/seo\/ -->\n<title>Carrito - Trastos y andr\u00f3minas<\/title>\n<meta name=\"robots\" content=\"index, follow, max-snippet:-1, max-image-preview:large, max-video-preview:-1\" \/>\n<link rel=\"canonical\" href=\"https:\/\/trastosiandromines.com\/pt\/carrito\/\" \/>\n<meta property=\"og:locale\" content=\"pt_PT\" \/>\n<meta property=\"og:type\" content=\"article\" \/>\n<meta property=\"og:title\" content=\"Carrito - Trastos y andr\u00f3minas\" \/>\n<meta property=\"og:description\" content=\"Eliminar art\u00edculo Imagen en miniatura Producto Precio Cantidad Subtotal &times; Aceitera doble 35.00&euro; Aceitera doble cantidad 35.00&euro; Actualizar carrito Total Subtotal 35.00&euro; Total 35.00&euro; Comprar\" \/>\n<meta property=\"og:url\" content=\"https:\/\/trastosiandromines.com\/pt\/carrito\/\" \/>\n<meta property=\"og:site_name\" content=\"Trastos y andr\u00f3minas\" \/>\n<meta property=\"article:modified_time\" content=\"2023-08-02T12:38:36+00:00\" \/>\n<meta property=\"og:image\" content=\"https:\/\/trastosiandromines.com\/wp-content\/uploads\/2023\/08\/IMG_4101-300x300.jpg\" \/>\n<meta name=\"twitter:card\" content=\"summary_large_image\" \/>\n<script type=\"application\/ld+json\" class=\"yoast-schema-graph\">{\"@context\":\"https:\/\/schema.org\",\"@graph\":[{\"@type\":\"WebPage\",\"@id\":\"https:\/\/trastosiandromines.com\/carrito\/\",\"url\":\"https:\/\/trastosiandromines.com\/carrito\/\",\"name\":\"Carrito - Trastos y andr\u00f3minas\",\"isPartOf\":{\"@id\":\"https:\/\/trastosiandromines.com\/es\/#website\"},\"primaryImageOfPage\":{\"@id\":\"https:\/\/trastosiandromines.com\/carrito\/#primaryimage\"},\"image\":{\"@id\":\"https:\/\/trastosiandromines.com\/carrito\/#primaryimage\"},\"thumbnailUrl\":\"https:\/\/trastosiandromines.com\/wp-content\/uploads\/2023\/08\/IMG_4101-300x300.jpg\",\"datePublished\":\"2023-08-01T21:00:08+00:00\",\"dateModified\":\"2023-08-02T12:38:36+00:00\",\"breadcrumb\":{\"@id\":\"https:\/\/trastosiandromines.com\/carrito\/#breadcrumb\"},\"inLanguage\":\"pt-PT\",\"potentialAction\":[{\"@type\":\"ReadAction\",\"target\":[\"https:\/\/trastosiandromines.com\/carrito\/\"]}]},{\"@type\":\"ImageObject\",\"inLanguage\":\"pt-PT\",\"@id\":\"https:\/\/trastosiandromines.com\/carrito\/#primaryimage\",\"url\":\"https:\/\/trastosiandromines.com\/wp-content\/uploads\/2023\/08\/IMG_4101-300x300.jpg\",\"contentUrl\":\"https:\/\/trastosiandromines.com\/wp-content\/uploads\/2023\/08\/IMG_4101-300x300.jpg\"},{\"@type\":\"BreadcrumbList\",\"@id\":\"https:\/\/trastosiandromines.com\/carrito\/#breadcrumb\",\"itemListElement\":[{\"@type\":\"ListItem\",\"position\":1,\"name\":\"Portada\",\"item\":\"https:\/\/trastosiandromines.com\/\"},{\"@type\":\"ListItem\",\"position\":2,\"name\":\"Carrito\"}]},{\"@type\":\"WebSite\",\"@id\":\"https:\/\/trastosiandromines.com\/es\/#website\",\"url\":\"https:\/\/trastosiandromines.com\/es\/\",\"name\":\"Trastos y andr\u00f3minas\",\"description\":\"Tu tienda de antig\u00fcedades y art\u00edculos de coleccionismo de confianza.\",\"potentialAction\":[{\"@type\":\"SearchAction\",\"target\":{\"@type\":\"EntryPoint\",\"urlTemplate\":\"https:\/\/trastosiandromines.com\/es\/?s={search_term_string}\"},\"query-input\":{\"@type\":\"PropertyValueSpecification\",\"valueRequired\":true,\"valueName\":\"search_term_string\"}}],\"inLanguage\":\"pt-PT\"}]}<\/script>\n<!-- \/ Yoast SEO plugin. -->","yoast_head_json":{"title":"Carrito - Trastos y andr\u00f3minas","robots":{"index":"index","follow":"follow","max-snippet":"max-snippet:-1","max-image-preview":"max-image-preview:large","max-video-preview":"max-video-preview:-1"},"canonical":"https:\/\/trastosiandromines.com\/pt\/carrito\/","og_locale":"pt_PT","og_type":"article","og_title":"Carrito - Trastos y andr\u00f3minas","og_description":"Eliminar art\u00edculo Imagen en miniatura Producto Precio Cantidad Subtotal &times; Aceitera doble 35.00&euro; Aceitera doble cantidad 35.00&euro; Actualizar carrito Total Subtotal 35.00&euro; Total 35.00&euro; Comprar","og_url":"https:\/\/trastosiandromines.com\/pt\/carrito\/","og_site_name":"Trastos y andr\u00f3minas","article_modified_time":"2023-08-02T12:38:36+00:00","og_image":[{"url":"https:\/\/trastosiandromines.com\/wp-content\/uploads\/2023\/08\/IMG_4101-300x300.jpg","type":"","width":"","height":""}],"twitter_card":"summary_large_image","schema":{"@context":"https:\/\/schema.org","@graph":[{"@type":"WebPage","@id":"https:\/\/trastosiandromines.com\/carrito\/","url":"https:\/\/trastosiandromines.com\/carrito\/","name":"Carrito - Trastos y andr\u00f3minas","isPartOf":{"@id":"https:\/\/trastosiandromines.com\/es\/#website"},"primaryImageOfPage":{"@id":"https:\/\/trastosiandromines.com\/carrito\/#primaryimage"},"image":{"@id":"https:\/\/trastosiandromines.com\/carrito\/#primaryimage"},"thumbnailUrl":"https:\/\/trastosiandromines.com\/wp-content\/uploads\/2023\/08\/IMG_4101-300x300.jpg","datePublished":"2023-08-01T21:00:08+00:00","dateModified":"2023-08-02T12:38:36+00:00","breadcrumb":{"@id":"https:\/\/trastosiandromines.com\/carrito\/#breadcrumb"},"inLanguage":"pt-PT","potentialAction":[{"@type":"ReadAction","target":["https:\/\/trastosiandromines.com\/carrito\/"]}]},{"@type":"ImageObject","inLanguage":"pt-PT","@id":"https:\/\/trastosiandromines.com\/carrito\/#primaryimage","url":"https:\/\/trastosiandromines.com\/wp-content\/uploads\/2023\/08\/IMG_4101-300x300.jpg","contentUrl":"https:\/\/trastosiandromines.com\/wp-content\/uploads\/2023\/08\/IMG_4101-300x300.jpg"},{"@type":"BreadcrumbList","@id":"https:\/\/trastosiandromines.com\/carrito\/#breadcrumb","itemListElement":[{"@type":"ListItem","position":1,"name":"Portada","item":"https:\/\/trastosiandromines.com\/"},{"@type":"ListItem","position":2,"name":"Carrito"}]},{"@type":"WebSite","@id":"https:\/\/trastosiandromines.com\/es\/#website","url":"https:\/\/trastosiandromines.com\/es\/","name":"Equipamento e andr\u00f3minas","description":"Tu tienda de antig\u00fcedades y art\u00edculos de coleccionismo de confianza.","potentialAction":[{"@type":"SearchAction","target":{"@type":"EntryPoint","urlTemplate":"https:\/\/trastosiandromines.com\/es\/?s={search_term_string}"},"query-input":{"@type":"PropertyValueSpecification","valueRequired":true,"valueName":"search_term_string"}}],"inLanguage":"pt-PT"}]}},"_links":{"self":[{"href":"https:\/\/trastosiandromines.com\/pt\/wp-json\/wp\/v2\/pages\/14","targetHints":{"allow":["GET"]}}],"collection":[{"href":"https:\/\/trastosiandromines.com\/pt\/wp-json\/wp\/v2\/pages"}],"about":[{"href":"https:\/\/trastosiandromines.com\/pt\/wp-json\/wp\/v2\/types\/page"}],"author":[{"embeddable":true,"href":"https:\/\/trastosiandromines.com\/pt\/wp-json\/wp\/v2\/users\/1"}],"replies":[{"embeddable":true,"href":"https:\/\/trastosiandromines.com\/pt\/wp-json\/wp\/v2\/comments?post=14"}],"version-history":[{"count":5,"href":"https:\/\/trastosiandromines.com\/pt\/wp-json\/wp\/v2\/pages\/14\/revisions"}],"predecessor-version":[{"id":409,"href":"https:\/\/trastosiandromines.com\/pt\/wp-json\/wp\/v2\/pages\/14\/revisions\/409"}],"wp:attachment":[{"href":"https:\/\/trastosiandromines.com\/pt\/wp-json\/wp\/v2\/media?parent=14"}],"curies":[{"name":"wp","href":"https:\/\/api.w.org\/{rel}","templated":true}]}}