{"id":424,"date":"2023-08-02T12:56:27","date_gmt":"2023-08-02T12:56:27","guid":{"rendered":"https:\/\/trastosiandromines.com\/?page_id=424"},"modified":"2023-08-09T14:45:59","modified_gmt":"2023-08-09T14:45:59","slug":"aviso-legal","status":"publish","type":"page","link":"https:\/\/trastosiandromines.com\/pt\/aviso-legal\/","title":{"rendered":"Aviso legal"},"content":{"rendered":"<div data-elementor-type=\"wp-page\" data-elementor-id=\"424\" class=\"elementor elementor-424\" data-elementor-post-type=\"page\">\n\t\t\t\t\t\t<section class=\"elementor-section elementor-top-section elementor-element elementor-element-54608010 elementor-section-boxed elementor-section-height-default elementor-section-height-default\" data-id=\"54608010\" data-element_type=\"section\" data-settings=\"{&quot;background_background&quot;:&quot;classic&quot;}\">\n\t\t\t\t\t\t\t<div class=\"elementor-background-overlay\"><\/div>\n\t\t\t\t\t\t\t<div class=\"elementor-container elementor-column-gap-default\">\n\t\t\t\t\t<div class=\"elementor-column elementor-col-100 elementor-top-column elementor-element elementor-element-70a17e6e\" data-id=\"70a17e6e\" data-element_type=\"column\">\n\t\t\t<div class=\"elementor-widget-wrap elementor-element-populated\">\n\t\t\t\t\t\t\t<\/div>\n\t\t<\/div>\n\t\t\t\t\t<\/div>\n\t\t<\/section>\n\t\t\t\t<section class=\"elementor-section elementor-top-section elementor-element elementor-element-3865b137 elementor-section-boxed elementor-section-height-default elementor-section-height-default\" data-id=\"3865b137\" data-element_type=\"section\">\n\t\t\t\t\t\t<div class=\"elementor-container elementor-column-gap-default\">\n\t\t\t\t\t<div class=\"elementor-column elementor-col-100 elementor-top-column elementor-element elementor-element-76cd46ca\" data-id=\"76cd46ca\" data-element_type=\"column\">\n\t\t\t<div class=\"elementor-widget-wrap elementor-element-populated\">\n\t\t\t\t\t\t<div class=\"elementor-element elementor-element-5083533 elementor-widget elementor-widget-text-editor\" data-id=\"5083533\" data-element_type=\"widget\" data-widget_type=\"text-editor.default\">\n\t\t\t\t<div class=\"elementor-widget-container\">\n\t\t\t\t\t\t\t\t\t<p>De acordo com a Lei 34\/2002, de Servi\u00e7os da Sociedade da Informa\u00e7\u00e3o e de Com\u00e9rcio Electr\u00f3nico, informamos que este site \u00e9 de propriedade de Margarida Simon Figueras (doravante &#034;TITULAR&#034;), com CIF: 40303020-M, com domic\u00edlio em C\/Barcelona 33 Aiguaviva, Girona (17181); telefone 639456575.<\/p><p class=\"titol text-bold text-uppercase\"><strong>PROPRIEDADE INTELECTUAL E INDUSTRIAL<\/strong><\/p><p>Os conte\u00fados deste site, incluindo textos, imagens e desenhos, pertencem a O TITULAR, ou a terceiros que autorizaram o seu uso. O TITULAR apresenta estes conte\u00fados com fins de informa\u00e7\u00e3o e de promo\u00e7\u00e3o. O TITULAR autoriza a sua utiliza\u00e7\u00e3o exclusivamente com estas finalidades. Qualquer utiliza\u00e7\u00e3o desses desenhos, imagens ou textos devem citar expressamente a sua associa\u00e7\u00e3o com O TITULAR, que se reserva o direito de iniciar as a\u00e7\u00f5es legais necess\u00e1rias para reparar os danos e preju\u00edzos causados por qualquer ato que viole seus direitos de propriedade intelectual ou industrial.<\/p><p class=\"titol text-bold text-uppercase\"><strong>EXCLUS\u00c3O DE RESPONSABILIDADE<\/strong><\/p><p>O TITULAR atua com a m\u00e1xima dilig\u00eancia poss\u00edvel para que os dados e a informa\u00e7\u00e3o que disponibiliza em seu site esteja atualizada em tomo momento, se bem que n\u00e3o garante nem se responsabiliza pela exactid\u00e3o e actualiza\u00e7\u00e3o dos conte\u00fados do site, reservando-se o direito de modificar esses conte\u00fados a qualquer momento. O TITULAR n\u00e3o ser\u00e1 respons\u00e1vel pela informa\u00e7\u00e3o que se possa obter atrav\u00e9s de links inclu\u00eddos no site.<\/p><p>As rela\u00e7\u00f5es comerciais com os clientes s\u00e3o regidas pelas Condi\u00e7\u00f5es Gerais que, em seu caso, estabele\u00e7am pelo TITULAR em um documento espec\u00edfico para tal efeito, ou os pactos concretos que possam ser acordados com os clientes.<\/p><p class=\"titol text-bold text-uppercase\"><strong>CONDI\u00c7\u00d5ES DE USO<\/strong><\/p><p>O uso deste site implica na aceita\u00e7\u00e3o plena dos termos do presente aviso legal. Os eventuais conflitos relacionados a este site ser\u00e3o regidos exclusivamente pela lei do Estado Portugu\u00eas. Toda pessoa usu\u00e1ria da web, independentemente da jurisdi\u00e7\u00e3o territorial a partir da qual se produz o seu acesso, aceita o cumprimento e respeito destas cl\u00e1usulas, com ren\u00fancia expressa a qualquer outro foro que pudesse corresponder-lhe.<\/p>\t\t\t\t\t\t\t\t<\/div>\n\t\t\t\t<\/div>\n\t\t\t\t\t<\/div>\n\t\t<\/div>\n\t\t\t\t\t<\/div>\n\t\t<\/section>\n\t\t\t\t<\/div>","protected":false},"excerpt":{"rendered":"<p>De conformidad con la Ley 34\/2002, de Servicios de la Sociedad de la Informaci\u00f3n y de Comercio Electr\u00f3nico, le informamos que esta web es titularidad de Margarida Simon Figueras, (en adelante \u201cEL TITULAR\u201d), con CIF: 40303020-M, con domicilio en C\/Barcelona 33 Aiguaviva, Girona (17181); tel\u00e9fono 639456575. PROPIEDAD INTELECTUAL E INDUSTRIAL Los contenidos de este sitio,&hellip;&nbsp;<a href=\"https:\/\/trastosiandromines.com\/pt\/aviso-legal\/\" rel=\"bookmark\"><span class=\"screen-reader-text\">Aviso legal<\/span><\/a><\/p>","protected":false},"author":1,"featured_media":0,"parent":0,"menu_order":0,"comment_status":"closed","ping_status":"closed","template":"page-templates\/template-pagebuilder-full-width.php","meta":{"neve_meta_sidebar":"","neve_meta_container":"","neve_meta_enable_content_width":"off","neve_meta_content_width":100,"neve_meta_title_alignment":"","neve_meta_author_avatar":"","neve_post_elements_order":"","neve_meta_disable_header":"","neve_meta_disable_footer":"","neve_meta_disable_title":"","footnotes":""},"class_list":["post-424","page","type-page","status-publish","hentry"],"yoast_head":"<!-- This site is optimized with the Yoast SEO plugin v26.7 - https:\/\/yoast.com\/wordpress\/plugins\/seo\/ -->\n<title>Aviso legal - Trastos y andr\u00f3minas<\/title>\n<meta name=\"robots\" content=\"index, follow, max-snippet:-1, max-image-preview:large, max-video-preview:-1\" \/>\n<link rel=\"canonical\" href=\"https:\/\/trastosiandromines.com\/pt\/aviso-legal\/\" \/>\n<meta property=\"og:locale\" content=\"pt_PT\" \/>\n<meta property=\"og:type\" content=\"article\" \/>\n<meta property=\"og:title\" content=\"Aviso legal - Trastos y andr\u00f3minas\" \/>\n<meta property=\"og:description\" content=\"De conformidad con la Ley 34\/2002, de Servicios de la Sociedad de la Informaci\u00f3n y de Comercio Electr\u00f3nico, le informamos que esta web es titularidad de Margarida Simon Figueras, (en adelante \u201cEL TITULAR\u201d), con CIF: 40303020-M, con domicilio en C\/Barcelona 33 Aiguaviva, Girona (17181); tel\u00e9fono 639456575. PROPIEDAD INTELECTUAL E INDUSTRIAL Los contenidos de este sitio,&hellip;&nbsp;Aviso legal\" \/>\n<meta property=\"og:url\" content=\"https:\/\/trastosiandromines.com\/pt\/aviso-legal\/\" \/>\n<meta property=\"og:site_name\" content=\"Trastos y andr\u00f3minas\" \/>\n<meta property=\"article:modified_time\" content=\"2023-08-09T14:45:59+00:00\" \/>\n<meta name=\"twitter:card\" content=\"summary_large_image\" \/>\n<meta name=\"twitter:label1\" content=\"Tempo estimado de leitura\" \/>\n\t<meta name=\"twitter:data1\" content=\"2 minutos\" \/>\n<script type=\"application\/ld+json\" class=\"yoast-schema-graph\">{\"@context\":\"https:\/\/schema.org\",\"@graph\":[{\"@type\":\"WebPage\",\"@id\":\"https:\/\/trastosiandromines.com\/aviso-legal\/\",\"url\":\"https:\/\/trastosiandromines.com\/aviso-legal\/\",\"name\":\"Aviso legal - Trastos y andr\u00f3minas\",\"isPartOf\":{\"@id\":\"https:\/\/trastosiandromines.com\/es\/#website\"},\"datePublished\":\"2023-08-02T12:56:27+00:00\",\"dateModified\":\"2023-08-09T14:45:59+00:00\",\"breadcrumb\":{\"@id\":\"https:\/\/trastosiandromines.com\/aviso-legal\/#breadcrumb\"},\"inLanguage\":\"pt-PT\",\"potentialAction\":[{\"@type\":\"ReadAction\",\"target\":[\"https:\/\/trastosiandromines.com\/aviso-legal\/\"]}]},{\"@type\":\"BreadcrumbList\",\"@id\":\"https:\/\/trastosiandromines.com\/aviso-legal\/#breadcrumb\",\"itemListElement\":[{\"@type\":\"ListItem\",\"position\":1,\"name\":\"Portada\",\"item\":\"https:\/\/trastosiandromines.com\/\"},{\"@type\":\"ListItem\",\"position\":2,\"name\":\"Aviso legal\"}]},{\"@type\":\"WebSite\",\"@id\":\"https:\/\/trastosiandromines.com\/es\/#website\",\"url\":\"https:\/\/trastosiandromines.com\/es\/\",\"name\":\"Trastos y andr\u00f3minas\",\"description\":\"Tu tienda de antig\u00fcedades y art\u00edculos de coleccionismo de confianza.\",\"potentialAction\":[{\"@type\":\"SearchAction\",\"target\":{\"@type\":\"EntryPoint\",\"urlTemplate\":\"https:\/\/trastosiandromines.com\/es\/?s={search_term_string}\"},\"query-input\":{\"@type\":\"PropertyValueSpecification\",\"valueRequired\":true,\"valueName\":\"search_term_string\"}}],\"inLanguage\":\"pt-PT\"}]}<\/script>\n<!-- \/ Yoast SEO plugin. -->","yoast_head_json":{"title":"Aviso legal - Trastos y andr\u00f3minas","robots":{"index":"index","follow":"follow","max-snippet":"max-snippet:-1","max-image-preview":"max-image-preview:large","max-video-preview":"max-video-preview:-1"},"canonical":"https:\/\/trastosiandromines.com\/pt\/aviso-legal\/","og_locale":"pt_PT","og_type":"article","og_title":"Aviso legal - Trastos y andr\u00f3minas","og_description":"De conformidad con la Ley 34\/2002, de Servicios de la Sociedad de la Informaci\u00f3n y de Comercio Electr\u00f3nico, le informamos que esta web es titularidad de Margarida Simon Figueras, (en adelante \u201cEL TITULAR\u201d), con CIF: 40303020-M, con domicilio en C\/Barcelona 33 Aiguaviva, Girona (17181); tel\u00e9fono 639456575. PROPIEDAD INTELECTUAL E INDUSTRIAL Los contenidos de este sitio,&hellip;&nbsp;Aviso legal","og_url":"https:\/\/trastosiandromines.com\/pt\/aviso-legal\/","og_site_name":"Trastos y andr\u00f3minas","article_modified_time":"2023-08-09T14:45:59+00:00","twitter_card":"summary_large_image","twitter_misc":{"Tempo estimado de leitura":"2 minutos"},"schema":{"@context":"https:\/\/schema.org","@graph":[{"@type":"WebPage","@id":"https:\/\/trastosiandromines.com\/aviso-legal\/","url":"https:\/\/trastosiandromines.com\/aviso-legal\/","name":"Aviso legal - Trastos y andr\u00f3minas","isPartOf":{"@id":"https:\/\/trastosiandromines.com\/es\/#website"},"datePublished":"2023-08-02T12:56:27+00:00","dateModified":"2023-08-09T14:45:59+00:00","breadcrumb":{"@id":"https:\/\/trastosiandromines.com\/aviso-legal\/#breadcrumb"},"inLanguage":"pt-PT","potentialAction":[{"@type":"ReadAction","target":["https:\/\/trastosiandromines.com\/aviso-legal\/"]}]},{"@type":"BreadcrumbList","@id":"https:\/\/trastosiandromines.com\/aviso-legal\/#breadcrumb","itemListElement":[{"@type":"ListItem","position":1,"name":"Portada","item":"https:\/\/trastosiandromines.com\/"},{"@type":"ListItem","position":2,"name":"Aviso legal"}]},{"@type":"WebSite","@id":"https:\/\/trastosiandromines.com\/es\/#website","url":"https:\/\/trastosiandromines.com\/es\/","name":"Equipamento e andr\u00f3minas","description":"Tu tienda de antig\u00fcedades y art\u00edculos de coleccionismo de confianza.","potentialAction":[{"@type":"SearchAction","target":{"@type":"EntryPoint","urlTemplate":"https:\/\/trastosiandromines.com\/es\/?s={search_term_string}"},"query-input":{"@type":"PropertyValueSpecification","valueRequired":true,"valueName":"search_term_string"}}],"inLanguage":"pt-PT"}]}},"_links":{"self":[{"href":"https:\/\/trastosiandromines.com\/pt\/wp-json\/wp\/v2\/pages\/424","targetHints":{"allow":["GET"]}}],"collection":[{"href":"https:\/\/trastosiandromines.com\/pt\/wp-json\/wp\/v2\/pages"}],"about":[{"href":"https:\/\/trastosiandromines.com\/pt\/wp-json\/wp\/v2\/types\/page"}],"author":[{"embeddable":true,"href":"https:\/\/trastosiandromines.com\/pt\/wp-json\/wp\/v2\/users\/1"}],"replies":[{"embeddable":true,"href":"https:\/\/trastosiandromines.com\/pt\/wp-json\/wp\/v2\/comments?post=424"}],"version-history":[{"count":10,"href":"https:\/\/trastosiandromines.com\/pt\/wp-json\/wp\/v2\/pages\/424\/revisions"}],"predecessor-version":[{"id":549,"href":"https:\/\/trastosiandromines.com\/pt\/wp-json\/wp\/v2\/pages\/424\/revisions\/549"}],"wp:attachment":[{"href":"https:\/\/trastosiandromines.com\/pt\/wp-json\/wp\/v2\/media?parent=424"}],"curies":[{"name":"wp","href":"https:\/\/api.w.org\/{rel}","templated":true}]}}