{"id":440,"date":"2023-08-02T13:00:24","date_gmt":"2023-08-02T13:00:24","guid":{"rendered":"https:\/\/trastosiandromines.com\/?page_id=440"},"modified":"2023-08-09T14:45:39","modified_gmt":"2023-08-09T14:45:39","slug":"politica-de-proteccion-de-datos","status":"publish","type":"page","link":"https:\/\/trastosiandromines.com\/pt\/politica-de-proteccion-de-datos\/","title":{"rendered":"Pol\u00edtica de prote\u00e7\u00e3o de dados"},"content":{"rendered":"<div data-elementor-type=\"wp-page\" data-elementor-id=\"440\" class=\"elementor elementor-440\" data-elementor-post-type=\"page\">\n\t\t\t\t\t\t<section class=\"elementor-section elementor-top-section elementor-element elementor-element-54608010 elementor-section-boxed elementor-section-height-default elementor-section-height-default\" data-id=\"54608010\" data-element_type=\"section\" data-settings=\"{&quot;background_background&quot;:&quot;classic&quot;}\">\n\t\t\t\t\t\t\t<div class=\"elementor-background-overlay\"><\/div>\n\t\t\t\t\t\t\t<div class=\"elementor-container elementor-column-gap-default\">\n\t\t\t\t\t<div class=\"elementor-column elementor-col-100 elementor-top-column elementor-element elementor-element-70a17e6e\" data-id=\"70a17e6e\" data-element_type=\"column\">\n\t\t\t<div class=\"elementor-widget-wrap elementor-element-populated\">\n\t\t\t\t\t\t\t<\/div>\n\t\t<\/div>\n\t\t\t\t\t<\/div>\n\t\t<\/section>\n\t\t\t\t<section class=\"elementor-section elementor-top-section elementor-element elementor-element-3865b137 elementor-section-boxed elementor-section-height-default elementor-section-height-default\" data-id=\"3865b137\" data-element_type=\"section\">\n\t\t\t\t\t\t<div class=\"elementor-container elementor-column-gap-default\">\n\t\t\t\t\t<div class=\"elementor-column elementor-col-100 elementor-top-column elementor-element elementor-element-76cd46ca\" data-id=\"76cd46ca\" data-element_type=\"column\">\n\t\t\t<div class=\"elementor-widget-wrap elementor-element-populated\">\n\t\t\t\t\t\t<div class=\"elementor-element elementor-element-5083533 elementor-widget elementor-widget-text-editor\" data-id=\"5083533\" data-element_type=\"widget\" data-widget_type=\"text-editor.default\">\n\t\t\t\t<div class=\"elementor-widget-container\">\n\t\t\t\t\t\t\t\t\t<p>O TITULAR compromete-se a proteger a privacidade dos utilizadores que acedem a este site e\/ou qualquer de seus servi\u00e7os. A utiliza\u00e7\u00e3o do site e\/ou qualquer dos servi\u00e7os oferecidos pelo TITULAR implica a aceita\u00e7\u00e3o pelo utilizador das disposi\u00e7\u00f5es contidas na presente Pol\u00edtica de Privacidade e que seus dados pessoais sejam tratados conforme definido no dela. Por favor, tenha em conta que, apesar de que possa haver links de nosso site para outros sites ou redes sociais, esta Pol\u00edtica de Privacidade n\u00e3o se aplica a sites de outras empresas ou organiza\u00e7\u00f5es em que a web seja redirecionada. O TITULAR n\u00e3o controla o conte\u00fado dos sites de terceiros, nem aceita qualquer responsabilidade pelo conte\u00fado ou pol\u00edticas de privacidade de tais sites.<\/p><p class=\"text-bold\"><strong>Informa\u00e7\u00e3o b\u00e1sica sobre o tratamento de dados (Regulamento (UE) 2016\/679 e O 3\/2018)<\/strong><\/p><table><tbody><tr><td>Respons\u00e1vel do tratamento<\/td><td>O TITULAR.<br \/>Nossos dados constam do\u00a0<a href=\"https:\/\/trastosiandromines.com\/pt\/aviso-legal\/\" target=\"blank\" rel=\"noopener\">aviso legal<\/a>\u00a0este site.<\/td><\/tr><tr><td>A finalidade do tratamento<\/td><td>Gerir e fornecer nossos produtos e\/ou servi\u00e7os.<\/td><\/tr><tr><td>Legitima\u00e7\u00e3o<\/td><td>Consentimento obtido do interessado. Execu\u00e7\u00e3o do contrato de presta\u00e7\u00e3o de servi\u00e7os.<\/td><\/tr><tr><td>Destinat\u00e1rios<\/td><td>Os dados n\u00e3o ser\u00e3o comunicados a terceiros, a menos que exigido por Lei ou que seja necess\u00e1rio para cumprir com a finalidade do tratamento.<\/td><\/tr><tr><td>Direitos das pessoas<\/td><td>Os interessados t\u00eam direito a exercer os direitos de acesso, rectifica\u00e7\u00e3o, limita\u00e7\u00e3o de tratamento, elimina\u00e7\u00e3o, portabilidade e oposi\u00e7\u00e3o, enviando o seu pedido para o nosso endere\u00e7o.<\/td><\/tr><tr><td>Prazo de conserva\u00e7\u00e3o dos dados<\/td><td>Enquanto voc\u00ea manter a rela\u00e7\u00e3o comercial ou durante os anos necess\u00e1rios para cumprir com as obriga\u00e7\u00f5es legais.<\/td><\/tr><tr><td>Reclama\u00e7\u00e3o<\/td><td>Os interessados podem dirigir-se \u00e0 AEPD para apresentar a reclama\u00e7\u00e3o que considere oportuna.<\/td><\/tr><tr><td>Informa\u00e7\u00f5es adicionais<\/td><td>Pode consultar a informa\u00e7\u00e3o adicional e mais detalhada a seguir em &#034;Perguntas sobre privacidade&#034;.<\/td><\/tr><\/tbody><\/table><p class=\"titol text-bold text-uppercase\"><strong>Quest\u00f5es sobre privacidade<\/strong><\/p><p>Em cumprimento do Regulamento (UE) 2016\/679 do Parlamento Europeu e do Conselho, de 27 de abril de 2016, (RGPD), e a Lei Org\u00e2nica 3\/2018, de 5 de dezembro, de Protec\u00e7\u00e3o de Dados Pessoais e de garantia de direitos digitais (LOPDGDD oferecemos-lhe a seguinte informa\u00e7\u00e3o sobre o tratamento dos seus dados pessoais:<\/p><p class=\"text-bold\"><strong>Quem \u00e9 o respons\u00e1vel pelo tratamento dos seus dados?<\/strong><\/p><p>O TITULAR.<br \/>Nossos dados constam do\u00a0<a href=\"https:\/\/trastosiandromines.com\/pt\/aviso-legal\/\">aviso legal<\/a>\u00a0este site.<\/p><p class=\"text-bold\">Com que finalidade tratamos os seus dados pessoais?<\/p><div class=\"cont\"><ul><li>Tratamos a informa\u00e7\u00e3o que nos facilita para prestar e cobrar nossos servi\u00e7os e produtos.<\/li><\/ul><\/div><div class=\"cont\"><ul><li>Se nos d\u00e1 o seu consentimento, tamb\u00e9m poderemos usar os seus dados pessoais para lhe enviar informa\u00e7\u00e3o sobre as nossas actividades, produtos e servi\u00e7os.<\/li><\/ul><\/div><div class=\"cont\"><ul><li>Se voc\u00ea participa de algum de nossos sorteios e\/ou concursos publicaremos seu nome e sobrenome, e a sua imagem, nos diferentes espa\u00e7os e meios de comunica\u00e7\u00e3o e difus\u00e3o que utilizamos, incluindo as redes sociais, com o fim de divulgar nossas atividades, produtos e servi\u00e7os.<\/li><\/ul><\/div><p class=\"text-bold\"><strong>Quanto tempo manteremos seus dados?<\/strong><\/p><p>Os dados pessoais fornecidos ser\u00e3o mantidos enquanto for usu\u00e1rio de nossos servi\u00e7os ou queira receber informa\u00e7\u00f5es, e se participa de uma promo\u00e7\u00e3o enquanto estiver ativa, e, depois, durante os prazos fixados para cumprir com nossas obriga\u00e7\u00f5es legais.<\/p><p class=\"text-bold\"><strong>Qual \u00e9 a legitima\u00e7\u00e3o para o tratamento de seus dados?<\/strong><\/p><p>A base legal para os tratamentos de seus dados s\u00e3o os consentimentos que nos d\u00e1.<\/p><p>Em rela\u00e7\u00e3o \u00e0 informa\u00e7\u00e3o que nos seja enviada por menores de 16 anos, entende-se que o que tem sido com o consentimento de seus representantes legais. Se n\u00e3o \u00e9 assim, o representante legal do menor nos tem que comunicar, t\u00e3o logo tenha conhecimento.<\/p><p class=\"text-bold\"><strong>A quais destinat\u00e1rios se comunicam seus dados?<\/strong><\/p><p>Os dados n\u00e3o ser\u00e3o comunicados a terceiros, a menos que exigido por Lei ou que seja necess\u00e1rio para cumprir com a finalidade do tratamento.<\/p><p class=\"text-bold\"><strong>Quais s\u00e3o os seus direitos quando nos fornece os seus dados?<\/strong><\/p><div class=\"cont\"><ul><li>Qualquer pessoa tem o direito de obter confirma\u00e7\u00e3o sobre se estamos tentando ou n\u00e3o seus dados pessoais.<\/li><\/ul><\/div><div class=\"cont\"><ul><li>Os interessados t\u00eam o direito de aceder aos seus dados pessoais, bem como solicitar a retifica\u00e7\u00e3o dos dados inexatos ou, em seu caso, solicitar a sua elimina\u00e7\u00e3o, quando, entre outros motivos, os dados j\u00e1 n\u00e3o sejam necess\u00e1rios para as finalidades para que foram recolhidos.<\/li><\/ul><\/div><div class=\"cont\"><ul><li>Em determinadas circunst\u00e2ncias, os interessados podem solicitar a limita\u00e7\u00e3o do tratamento de seus dados, neste caso, apenas os armazenaremos para o exerc\u00edcio ou a defesa de reclama\u00e7\u00f5es.<\/li><\/ul><\/div><div class=\"cont\"><ul><li>Tamb\u00e9m, em determinadas circunst\u00e2ncias e por motivos relacionados com a sua situa\u00e7\u00e3o particular, os interessados podem se opor ao tratamento dos seus dados.<\/li><\/ul><\/div><div class=\"cont\"><ul><li>Os interessados t\u00eam tamb\u00e9m o direito \u00e0 portabilidade de seus dados.<\/li><\/ul><\/div><div class=\"cont\"><ul><li>Finalmente, os interessados t\u00eam o direito de apresentar uma reclama\u00e7\u00e3o junto da Autoridade de Controlo competente.<\/li><\/ul><\/div><p class=\"text-bold\"><strong>Como pode exercer os seus direitos?<\/strong><\/p><p>Enviando um e anexando uma c\u00f3pia de um documento que o identifique, para o nosso endere\u00e7o f\u00edsico ou electr\u00f3nico.<\/p><p class=\"text-bold\"><strong>Como obtivemos os seus dados?<\/strong><\/p><p>Os dados pessoais que processamos s\u00e3o provenientes do pr\u00f3prio interessado. O interessado garante que os dados pessoais fornecidos s\u00e3o verdadeiros e se faz respons\u00e1vel por comunicar qualquer altera\u00e7\u00e3o destes. Os dados que estiverem marcados com um asterisco s\u00e3o obrigat\u00f3rios para poder dar-lhe o servi\u00e7o solicitado.<\/p><p class=\"text-bold\"><strong>O que os dados tratamos?<\/strong><\/p><p>As categorias de dados que podemos tentar na presta\u00e7\u00e3o de nossos servi\u00e7os s\u00e3o:<\/p><div class=\"cont\"><ul><li>Dados de car\u00e1ter de identifica\u00e7\u00e3o<\/li><\/ul><\/div><div class=\"cont\"><ul><li>Endere\u00e7os postais ou electr\u00f3nicos<\/li><\/ul><\/div><div class=\"cont\"><ul><li>Outros dados solicitados em nossos formul\u00e1rios<\/li><\/ul><\/div><p>Os dados s\u00e3o limitados, dado que s\u00f3 tratamos os dados necess\u00e1rios para a presta\u00e7\u00e3o de nossos servi\u00e7os e a gest\u00e3o da nossa actividade.<\/p><p class=\"text-bold\"><strong>Como utilizamos cookies?<\/strong><\/p><p>Utilizamos cookies durante a navega\u00e7\u00e3o em nosso web com o consentimento informado do usu\u00e1rio. O usu\u00e1rio pode configurar seu navegador para ser avisado da utiliza\u00e7\u00e3o de &#034;cookies&#034; e para impedir seu uso. Para obter mais informa\u00e7\u00f5es, visite a nossa\u00a0<a href=\"https:\/\/trastosiandromines.com\/pt\/politica-de-cookies\/\">pol\u00edtica de cookies.<\/a><\/p><p class=\"text-bold\"><strong>Quais as medidas de seguran\u00e7a que aplicamos?<\/strong><\/p><p>Aplicamos as medidas de seguran\u00e7a previstas no artigo 32 do RGPD, por isso, temos tomado as medidas de seguran\u00e7a necess\u00e1rias para garantir um n\u00edvel de seguran\u00e7a adequado ao risco do tratamento de dados que realizamos, com mecanismos que nos permitem garantir a confidencialidade, integridade, disponibilidade e resili\u00eancia permanente dos sistemas e servi\u00e7os de tratamento.<\/p><p>Algumas dessas medidas s\u00e3o:<\/p><div class=\"cont\"><ul><li>Informa\u00e7\u00f5es das pol\u00edticas de tratamento de dados pessoais.<\/li><\/ul><\/div><div class=\"cont\"><ul><li>Realiza\u00e7\u00e3o de c\u00f3pias de seguran\u00e7a peri\u00f3dicas.<\/li><\/ul><\/div><div class=\"cont\"><ul><li>Controle de acesso aos dados.<\/li><\/ul><\/div><div class=\"cont\"><ul><li>Processos de sele\u00e7\u00e3o, avalia\u00e7\u00e3o e classifica\u00e7\u00e3o regulares.<\/li><\/ul><\/div>\t\t\t\t\t\t\t\t<\/div>\n\t\t\t\t<\/div>\n\t\t\t\t\t<\/div>\n\t\t<\/div>\n\t\t\t\t\t<\/div>\n\t\t<\/section>\n\t\t\t\t<\/div>","protected":false},"excerpt":{"rendered":"<p>EL TITULAR se compromete a proteger la privacidad de los usuarios que accedan a esta web y\/o cualquiera de sus servicios. La utilizaci\u00f3n de la web y\/o de cualquiera de los servicios ofrecidos por EL TITULAR implica la aceptaci\u00f3n por el usuario de las disposiciones contenidas en la presente Pol\u00edtica de Privacidad y que sus&hellip;&nbsp;<a href=\"https:\/\/trastosiandromines.com\/pt\/politica-de-proteccion-de-datos\/\" rel=\"bookmark\"><span class=\"screen-reader-text\">Pol\u00edtica de prote\u00e7\u00e3o de dados<\/span><\/a><\/p>","protected":false},"author":1,"featured_media":0,"parent":0,"menu_order":0,"comment_status":"closed","ping_status":"closed","template":"page-templates\/template-pagebuilder-full-width.php","meta":{"neve_meta_sidebar":"","neve_meta_container":"","neve_meta_enable_content_width":"off","neve_meta_content_width":100,"neve_meta_title_alignment":"","neve_meta_author_avatar":"","neve_post_elements_order":"","neve_meta_disable_header":"","neve_meta_disable_footer":"","neve_meta_disable_title":"","footnotes":""},"class_list":["post-440","page","type-page","status-publish","hentry"],"yoast_head":"<!-- This site is optimized with the Yoast SEO plugin v26.7 - https:\/\/yoast.com\/wordpress\/plugins\/seo\/ -->\n<title>Pol\u00edtica de protecci\u00f3n de datos - Trastos y andr\u00f3minas<\/title>\n<meta name=\"robots\" content=\"index, follow, max-snippet:-1, max-image-preview:large, max-video-preview:-1\" \/>\n<link rel=\"canonical\" href=\"https:\/\/trastosiandromines.com\/pt\/politica-de-proteccion-de-datos\/\" \/>\n<meta property=\"og:locale\" content=\"pt_PT\" \/>\n<meta property=\"og:type\" content=\"article\" \/>\n<meta property=\"og:title\" content=\"Pol\u00edtica de protecci\u00f3n de datos - Trastos y andr\u00f3minas\" \/>\n<meta property=\"og:description\" content=\"EL TITULAR se compromete a proteger la privacidad de los usuarios que accedan a esta web y\/o cualquiera de sus servicios. La utilizaci\u00f3n de la web y\/o de cualquiera de los servicios ofrecidos por EL TITULAR implica la aceptaci\u00f3n por el usuario de las disposiciones contenidas en la presente Pol\u00edtica de Privacidad y que sus&hellip;&nbsp;Pol\u00edtica de protecci\u00f3n de datos\" \/>\n<meta property=\"og:url\" content=\"https:\/\/trastosiandromines.com\/pt\/politica-de-proteccion-de-datos\/\" \/>\n<meta property=\"og:site_name\" content=\"Trastos y andr\u00f3minas\" \/>\n<meta property=\"article:modified_time\" content=\"2023-08-09T14:45:39+00:00\" \/>\n<meta name=\"twitter:card\" content=\"summary_large_image\" \/>\n<meta name=\"twitter:label1\" content=\"Tempo estimado de leitura\" \/>\n\t<meta name=\"twitter:data1\" content=\"5 minutos\" \/>\n<script type=\"application\/ld+json\" class=\"yoast-schema-graph\">{\"@context\":\"https:\/\/schema.org\",\"@graph\":[{\"@type\":\"WebPage\",\"@id\":\"https:\/\/trastosiandromines.com\/politica-de-proteccion-de-datos\/\",\"url\":\"https:\/\/trastosiandromines.com\/politica-de-proteccion-de-datos\/\",\"name\":\"Pol\u00edtica de protecci\u00f3n de datos - Trastos y andr\u00f3minas\",\"isPartOf\":{\"@id\":\"https:\/\/trastosiandromines.com\/es\/#website\"},\"datePublished\":\"2023-08-02T13:00:24+00:00\",\"dateModified\":\"2023-08-09T14:45:39+00:00\",\"breadcrumb\":{\"@id\":\"https:\/\/trastosiandromines.com\/politica-de-proteccion-de-datos\/#breadcrumb\"},\"inLanguage\":\"pt-PT\",\"potentialAction\":[{\"@type\":\"ReadAction\",\"target\":[\"https:\/\/trastosiandromines.com\/politica-de-proteccion-de-datos\/\"]}]},{\"@type\":\"BreadcrumbList\",\"@id\":\"https:\/\/trastosiandromines.com\/politica-de-proteccion-de-datos\/#breadcrumb\",\"itemListElement\":[{\"@type\":\"ListItem\",\"position\":1,\"name\":\"Portada\",\"item\":\"https:\/\/trastosiandromines.com\/\"},{\"@type\":\"ListItem\",\"position\":2,\"name\":\"Pol\u00edtica de protecci\u00f3n de datos\"}]},{\"@type\":\"WebSite\",\"@id\":\"https:\/\/trastosiandromines.com\/es\/#website\",\"url\":\"https:\/\/trastosiandromines.com\/es\/\",\"name\":\"Trastos y andr\u00f3minas\",\"description\":\"Tu tienda de antig\u00fcedades y art\u00edculos de coleccionismo de confianza.\",\"potentialAction\":[{\"@type\":\"SearchAction\",\"target\":{\"@type\":\"EntryPoint\",\"urlTemplate\":\"https:\/\/trastosiandromines.com\/es\/?s={search_term_string}\"},\"query-input\":{\"@type\":\"PropertyValueSpecification\",\"valueRequired\":true,\"valueName\":\"search_term_string\"}}],\"inLanguage\":\"pt-PT\"}]}<\/script>\n<!-- \/ Yoast SEO plugin. -->","yoast_head_json":{"title":"Pol\u00edtica de protecci\u00f3n de datos - Trastos y andr\u00f3minas","robots":{"index":"index","follow":"follow","max-snippet":"max-snippet:-1","max-image-preview":"max-image-preview:large","max-video-preview":"max-video-preview:-1"},"canonical":"https:\/\/trastosiandromines.com\/pt\/politica-de-proteccion-de-datos\/","og_locale":"pt_PT","og_type":"article","og_title":"Pol\u00edtica de protecci\u00f3n de datos - Trastos y andr\u00f3minas","og_description":"EL TITULAR se compromete a proteger la privacidad de los usuarios que accedan a esta web y\/o cualquiera de sus servicios. La utilizaci\u00f3n de la web y\/o de cualquiera de los servicios ofrecidos por EL TITULAR implica la aceptaci\u00f3n por el usuario de las disposiciones contenidas en la presente Pol\u00edtica de Privacidad y que sus&hellip;&nbsp;Pol\u00edtica de protecci\u00f3n de datos","og_url":"https:\/\/trastosiandromines.com\/pt\/politica-de-proteccion-de-datos\/","og_site_name":"Trastos y andr\u00f3minas","article_modified_time":"2023-08-09T14:45:39+00:00","twitter_card":"summary_large_image","twitter_misc":{"Tempo estimado de leitura":"5 minutos"},"schema":{"@context":"https:\/\/schema.org","@graph":[{"@type":"WebPage","@id":"https:\/\/trastosiandromines.com\/politica-de-proteccion-de-datos\/","url":"https:\/\/trastosiandromines.com\/politica-de-proteccion-de-datos\/","name":"Pol\u00edtica de protecci\u00f3n de datos - Trastos y andr\u00f3minas","isPartOf":{"@id":"https:\/\/trastosiandromines.com\/es\/#website"},"datePublished":"2023-08-02T13:00:24+00:00","dateModified":"2023-08-09T14:45:39+00:00","breadcrumb":{"@id":"https:\/\/trastosiandromines.com\/politica-de-proteccion-de-datos\/#breadcrumb"},"inLanguage":"pt-PT","potentialAction":[{"@type":"ReadAction","target":["https:\/\/trastosiandromines.com\/politica-de-proteccion-de-datos\/"]}]},{"@type":"BreadcrumbList","@id":"https:\/\/trastosiandromines.com\/politica-de-proteccion-de-datos\/#breadcrumb","itemListElement":[{"@type":"ListItem","position":1,"name":"Portada","item":"https:\/\/trastosiandromines.com\/"},{"@type":"ListItem","position":2,"name":"Pol\u00edtica de protecci\u00f3n de datos"}]},{"@type":"WebSite","@id":"https:\/\/trastosiandromines.com\/es\/#website","url":"https:\/\/trastosiandromines.com\/es\/","name":"Equipamento e andr\u00f3minas","description":"Tu tienda de antig\u00fcedades y art\u00edculos de coleccionismo de confianza.","potentialAction":[{"@type":"SearchAction","target":{"@type":"EntryPoint","urlTemplate":"https:\/\/trastosiandromines.com\/es\/?s={search_term_string}"},"query-input":{"@type":"PropertyValueSpecification","valueRequired":true,"valueName":"search_term_string"}}],"inLanguage":"pt-PT"}]}},"_links":{"self":[{"href":"https:\/\/trastosiandromines.com\/pt\/wp-json\/wp\/v2\/pages\/440","targetHints":{"allow":["GET"]}}],"collection":[{"href":"https:\/\/trastosiandromines.com\/pt\/wp-json\/wp\/v2\/pages"}],"about":[{"href":"https:\/\/trastosiandromines.com\/pt\/wp-json\/wp\/v2\/types\/page"}],"author":[{"embeddable":true,"href":"https:\/\/trastosiandromines.com\/pt\/wp-json\/wp\/v2\/users\/1"}],"replies":[{"embeddable":true,"href":"https:\/\/trastosiandromines.com\/pt\/wp-json\/wp\/v2\/comments?post=440"}],"version-history":[{"count":7,"href":"https:\/\/trastosiandromines.com\/pt\/wp-json\/wp\/v2\/pages\/440\/revisions"}],"predecessor-version":[{"id":546,"href":"https:\/\/trastosiandromines.com\/pt\/wp-json\/wp\/v2\/pages\/440\/revisions\/546"}],"wp:attachment":[{"href":"https:\/\/trastosiandromines.com\/pt\/wp-json\/wp\/v2\/media?parent=440"}],"curies":[{"name":"wp","href":"https:\/\/api.w.org\/{rel}","templated":true}]}}