{"id":450,"date":"2023-08-02T13:03:44","date_gmt":"2023-08-02T13:03:44","guid":{"rendered":"https:\/\/trastosiandromines.com\/?page_id=450"},"modified":"2023-08-09T14:48:35","modified_gmt":"2023-08-09T14:48:35","slug":"declaracion-de-accesibilidad","status":"publish","type":"page","link":"https:\/\/trastosiandromines.com\/pt\/declaracion-de-accesibilidad\/","title":{"rendered":"Declara\u00e7\u00e3o de acessibilidade"},"content":{"rendered":"<div data-elementor-type=\"wp-page\" data-elementor-id=\"450\" class=\"elementor elementor-450\" data-elementor-post-type=\"page\">\n\t\t\t\t\t\t<section class=\"elementor-section elementor-top-section elementor-element elementor-element-54608010 elementor-section-boxed elementor-section-height-default elementor-section-height-default\" data-id=\"54608010\" data-element_type=\"section\" data-settings=\"{&quot;background_background&quot;:&quot;classic&quot;}\">\n\t\t\t\t\t\t\t<div class=\"elementor-background-overlay\"><\/div>\n\t\t\t\t\t\t\t<div class=\"elementor-container elementor-column-gap-default\">\n\t\t\t\t\t<div class=\"elementor-column elementor-col-100 elementor-top-column elementor-element elementor-element-70a17e6e\" data-id=\"70a17e6e\" data-element_type=\"column\">\n\t\t\t<div class=\"elementor-widget-wrap elementor-element-populated\">\n\t\t\t\t\t\t\t<\/div>\n\t\t<\/div>\n\t\t\t\t\t<\/div>\n\t\t<\/section>\n\t\t\t\t<section class=\"elementor-section elementor-top-section elementor-element elementor-element-3865b137 elementor-section-boxed elementor-section-height-default elementor-section-height-default\" data-id=\"3865b137\" data-element_type=\"section\">\n\t\t\t\t\t\t<div class=\"elementor-container elementor-column-gap-default\">\n\t\t\t\t\t<div class=\"elementor-column elementor-col-100 elementor-top-column elementor-element elementor-element-76cd46ca\" data-id=\"76cd46ca\" data-element_type=\"column\">\n\t\t\t<div class=\"elementor-widget-wrap elementor-element-populated\">\n\t\t\t\t\t\t<div class=\"elementor-element elementor-element-5083533 elementor-widget elementor-widget-text-editor\" data-id=\"5083533\" data-element_type=\"widget\" data-widget_type=\"text-editor.default\">\n\t\t\t\t<div class=\"elementor-widget-container\">\n\t\t\t\t\t\t\t\t\t<p>Margarida Simon Figueras comprometeu-se a tornar acess\u00edvel o seu site, de acordo com o Real Decreto 1112\/2018, de 7 de setembro, sobre acessibilidade dos s\u00edtios web e aplica\u00e7\u00f5es para dispositivos m\u00f3veis do setor p\u00fablico.<\/p><p>La presente declaraci\u00f3n de accesibilidad se aplica al sitio web\u00a0https:\/\/www.trastosiandromines.com<\/p><p><strong>Situa\u00e7\u00e3o de cumprimento<\/strong><\/p><p>Este website encontra-se desenvolvido de acordo com o RD 1112\/2018<\/p><p><strong>Prepara\u00e7\u00e3o para a seguinte declara\u00e7\u00e3o de acessibilidade<\/strong><\/p><p>A presente declara\u00e7\u00e3o foi preparada, 2 de janeiro de 2023.<\/p><p>O m\u00e9todo empregado para preparar a declara\u00e7\u00e3o foi uma auto-avalia\u00e7\u00e3o.<\/p><p><strong>Observa\u00e7\u00f5es e dados de contato<\/strong><\/p><p>Pode realizar comunica\u00e7\u00f5es sobre requisitos de acessibilidade (artigo 10.2.a do RD 1112\/2018) como, por exemplo:<\/p><ul><li>Informar sobre qualquer poss\u00edvel viola\u00e7\u00e3o por parte deste site<\/li><li>Transmitir outras dificuldades de acesso ao conte\u00fado<\/li><li>Formular qualquer outra pergunta ou sugest\u00e3o de melhoria relacionadas com a acessibilidade do site<\/li><\/ul><p>atrav\u00e9s do\u00a0<a href=\"https:\/\/trastosiandromines.com\/pt\/contacto\/\">formul\u00e1rio de contato<\/a> este site da web ou atrav\u00e9s do n\u00famero de telefone <a href=\"tel:639456575\">(+34) 639 456 575<\/a>.<\/p><p>Pode apresentar:<\/p><ul><li>Reclama\u00e7\u00e3o relativa ao cumprimento dos requisitos do RD 1112\/2018 ou<\/li><li>Pedido de Informa\u00e7\u00e3o acess\u00edvel relativa a:<ul><li>Conte\u00fados que est\u00e3o exclu\u00eddos do \u00e2mbito de aplica\u00e7\u00e3o do RD 1112\/2018 de acordo com o estabelecido no artigo 3.o, n.o 4<\/li><li>Conte\u00fados que est\u00e3o isentos do cumprimento dos requisitos de acessibilidade por impor uma carga desproporcionada<\/li><\/ul><\/li><\/ul><p>No Pedido de informa\u00e7\u00e3o acess\u00edvel, deve-se concretizar, com toda a clareza, os fatos, raz\u00f5es e o pedido que permitam constatar que se trata de um pedido razo\u00e1vel e leg\u00edtima.<\/p><p>As queixas e reclama\u00e7\u00f5es sobre informa\u00e7\u00e3o acess\u00edvel s\u00e3o feitos atrav\u00e9s da sede eletr\u00f4nica (<a href=\"https:\/\/sede.red.gob.es\/procedimientos\/quejas-y-sugerencias\">https:\/\/sede.red.gob.es\/procedimientos\/quejas-y-sugerencias)<\/a>e ser\u00e3o recebidas e tratadas pela \u00e1rea de Sistemas de Informa\u00e7\u00e3o de Rede.\u00e9.<\/p><p><strong>Conte\u00fado opcional<\/strong><\/p><p>Se voc\u00ea quiser alterar o tamanho de letra do texto em todos os principais navegadores gr\u00e1ficos use os seguintes menus:<\/p><ul><li>Internet Explorer, Mozilla e Firefox: Exibir &gt; Tamanho do texto<\/li><li>Opera: Exibir &gt; Zoom<\/li><li>Safari: Ver &gt; Fazer o texto maior<\/li><li>Chrome: controlar a p\u00e1gina atual &gt; Tamanho do texto<\/li><li>Para alterar o tamanho de tudo na p\u00e1gina:<ul><li>Ctrl + + para aument\u00e1-la<\/li><li>Ctrl + \u2013 para diminu\u00ed-la<\/li><li>Ctrl + 0 restaura o tamanho original do texto<\/li><li>Se o que quer \u00e9 anular a folha de estilos ou modificar a cor do texto, pode-se consultar a p\u00e1gina How to Change Text Size or Colors da WAI, que voc\u00ea pode ler este artigo em Como alterar o tamanho do texto ou cores?<\/li><\/ul><\/li><\/ul>\t\t\t\t\t\t\t\t<\/div>\n\t\t\t\t<\/div>\n\t\t\t\t\t<\/div>\n\t\t<\/div>\n\t\t\t\t\t<\/div>\n\t\t<\/section>\n\t\t\t\t<\/div>","protected":false},"excerpt":{"rendered":"<p>Margarida Simon Figueras se ha comprometido a hacer accesible su sitio web, de conformidad con el Real Decreto 1112\/2018, de 7 de septiembre, sobre accesibilidad de los sitios web y aplicaciones para dispositivos m\u00f3viles del sector p\u00fablico. La presente declaraci\u00f3n de accesibilidad se aplica al sitio web\u00a0https:\/\/www.trastosiandromines.com Situaci\u00f3n de cumplimiento Este sitio web se encuentra&hellip;&nbsp;<a href=\"https:\/\/trastosiandromines.com\/pt\/declaracion-de-accesibilidad\/\" rel=\"bookmark\"><span class=\"screen-reader-text\">Declara\u00e7\u00e3o de acessibilidade<\/span><\/a><\/p>","protected":false},"author":1,"featured_media":0,"parent":0,"menu_order":0,"comment_status":"closed","ping_status":"closed","template":"page-templates\/template-pagebuilder-full-width.php","meta":{"neve_meta_sidebar":"","neve_meta_container":"","neve_meta_enable_content_width":"off","neve_meta_content_width":100,"neve_meta_title_alignment":"","neve_meta_author_avatar":"","neve_post_elements_order":"","neve_meta_disable_header":"","neve_meta_disable_footer":"","neve_meta_disable_title":"","footnotes":""},"class_list":["post-450","page","type-page","status-publish","hentry"],"yoast_head":"<!-- This site is optimized with the Yoast SEO plugin v26.7 - https:\/\/yoast.com\/wordpress\/plugins\/seo\/ -->\n<title>Declaraci\u00f3n de accesibilidad - Trastos y andr\u00f3minas<\/title>\n<meta name=\"robots\" content=\"index, follow, max-snippet:-1, max-image-preview:large, max-video-preview:-1\" \/>\n<link rel=\"canonical\" href=\"https:\/\/trastosiandromines.com\/pt\/declaracion-de-accesibilidad\/\" \/>\n<meta property=\"og:locale\" content=\"pt_PT\" \/>\n<meta property=\"og:type\" content=\"article\" \/>\n<meta property=\"og:title\" content=\"Declaraci\u00f3n de accesibilidad - Trastos y andr\u00f3minas\" \/>\n<meta property=\"og:description\" content=\"Margarida Simon Figueras se ha comprometido a hacer accesible su sitio web, de conformidad con el Real Decreto 1112\/2018, de 7 de septiembre, sobre accesibilidad de los sitios web y aplicaciones para dispositivos m\u00f3viles del sector p\u00fablico. La presente declaraci\u00f3n de accesibilidad se aplica al sitio web\u00a0https:\/\/www.trastosiandromines.com Situaci\u00f3n de cumplimiento Este sitio web se encuentra&hellip;&nbsp;Declaraci\u00f3n de accesibilidad\" \/>\n<meta property=\"og:url\" content=\"https:\/\/trastosiandromines.com\/pt\/declaracion-de-accesibilidad\/\" \/>\n<meta property=\"og:site_name\" content=\"Trastos y andr\u00f3minas\" \/>\n<meta property=\"article:modified_time\" content=\"2023-08-09T14:48:35+00:00\" \/>\n<meta name=\"twitter:card\" content=\"summary_large_image\" \/>\n<meta name=\"twitter:label1\" content=\"Tempo estimado de leitura\" \/>\n\t<meta name=\"twitter:data1\" content=\"2 minutos\" \/>\n<script type=\"application\/ld+json\" class=\"yoast-schema-graph\">{\"@context\":\"https:\/\/schema.org\",\"@graph\":[{\"@type\":\"WebPage\",\"@id\":\"https:\/\/trastosiandromines.com\/es\/declaracion-de-accesibilidad\/\",\"url\":\"https:\/\/trastosiandromines.com\/es\/declaracion-de-accesibilidad\/\",\"name\":\"Declaraci\u00f3n de accesibilidad - Trastos y andr\u00f3minas\",\"isPartOf\":{\"@id\":\"https:\/\/trastosiandromines.com\/es\/#website\"},\"datePublished\":\"2023-08-02T13:03:44+00:00\",\"dateModified\":\"2023-08-09T14:48:35+00:00\",\"breadcrumb\":{\"@id\":\"https:\/\/trastosiandromines.com\/es\/declaracion-de-accesibilidad\/#breadcrumb\"},\"inLanguage\":\"pt-PT\",\"potentialAction\":[{\"@type\":\"ReadAction\",\"target\":[\"https:\/\/trastosiandromines.com\/es\/declaracion-de-accesibilidad\/\"]}]},{\"@type\":\"BreadcrumbList\",\"@id\":\"https:\/\/trastosiandromines.com\/es\/declaracion-de-accesibilidad\/#breadcrumb\",\"itemListElement\":[{\"@type\":\"ListItem\",\"position\":1,\"name\":\"Portada\",\"item\":\"https:\/\/trastosiandromines.com\/\"},{\"@type\":\"ListItem\",\"position\":2,\"name\":\"Declaraci\u00f3n de accesibilidad\"}]},{\"@type\":\"WebSite\",\"@id\":\"https:\/\/trastosiandromines.com\/es\/#website\",\"url\":\"https:\/\/trastosiandromines.com\/es\/\",\"name\":\"Trastos y andr\u00f3minas\",\"description\":\"Tu tienda de antig\u00fcedades y art\u00edculos de coleccionismo de confianza.\",\"potentialAction\":[{\"@type\":\"SearchAction\",\"target\":{\"@type\":\"EntryPoint\",\"urlTemplate\":\"https:\/\/trastosiandromines.com\/es\/?s={search_term_string}\"},\"query-input\":{\"@type\":\"PropertyValueSpecification\",\"valueRequired\":true,\"valueName\":\"search_term_string\"}}],\"inLanguage\":\"pt-PT\"}]}<\/script>\n<!-- \/ Yoast SEO plugin. -->","yoast_head_json":{"title":"Declaraci\u00f3n de accesibilidad - Trastos y andr\u00f3minas","robots":{"index":"index","follow":"follow","max-snippet":"max-snippet:-1","max-image-preview":"max-image-preview:large","max-video-preview":"max-video-preview:-1"},"canonical":"https:\/\/trastosiandromines.com\/pt\/declaracion-de-accesibilidad\/","og_locale":"pt_PT","og_type":"article","og_title":"Declaraci\u00f3n de accesibilidad - Trastos y andr\u00f3minas","og_description":"Margarida Simon Figueras se ha comprometido a hacer accesible su sitio web, de conformidad con el Real Decreto 1112\/2018, de 7 de septiembre, sobre accesibilidad de los sitios web y aplicaciones para dispositivos m\u00f3viles del sector p\u00fablico. La presente declaraci\u00f3n de accesibilidad se aplica al sitio web\u00a0https:\/\/www.trastosiandromines.com Situaci\u00f3n de cumplimiento Este sitio web se encuentra&hellip;&nbsp;Declaraci\u00f3n de accesibilidad","og_url":"https:\/\/trastosiandromines.com\/pt\/declaracion-de-accesibilidad\/","og_site_name":"Trastos y andr\u00f3minas","article_modified_time":"2023-08-09T14:48:35+00:00","twitter_card":"summary_large_image","twitter_misc":{"Tempo estimado de leitura":"2 minutos"},"schema":{"@context":"https:\/\/schema.org","@graph":[{"@type":"WebPage","@id":"https:\/\/trastosiandromines.com\/es\/declaracion-de-accesibilidad\/","url":"https:\/\/trastosiandromines.com\/es\/declaracion-de-accesibilidad\/","name":"Declaraci\u00f3n de accesibilidad - Trastos y andr\u00f3minas","isPartOf":{"@id":"https:\/\/trastosiandromines.com\/es\/#website"},"datePublished":"2023-08-02T13:03:44+00:00","dateModified":"2023-08-09T14:48:35+00:00","breadcrumb":{"@id":"https:\/\/trastosiandromines.com\/es\/declaracion-de-accesibilidad\/#breadcrumb"},"inLanguage":"pt-PT","potentialAction":[{"@type":"ReadAction","target":["https:\/\/trastosiandromines.com\/es\/declaracion-de-accesibilidad\/"]}]},{"@type":"BreadcrumbList","@id":"https:\/\/trastosiandromines.com\/es\/declaracion-de-accesibilidad\/#breadcrumb","itemListElement":[{"@type":"ListItem","position":1,"name":"Portada","item":"https:\/\/trastosiandromines.com\/"},{"@type":"ListItem","position":2,"name":"Declaraci\u00f3n de accesibilidad"}]},{"@type":"WebSite","@id":"https:\/\/trastosiandromines.com\/es\/#website","url":"https:\/\/trastosiandromines.com\/es\/","name":"Equipamento e andr\u00f3minas","description":"Tu tienda de antig\u00fcedades y art\u00edculos de coleccionismo de confianza.","potentialAction":[{"@type":"SearchAction","target":{"@type":"EntryPoint","urlTemplate":"https:\/\/trastosiandromines.com\/es\/?s={search_term_string}"},"query-input":{"@type":"PropertyValueSpecification","valueRequired":true,"valueName":"search_term_string"}}],"inLanguage":"pt-PT"}]}},"_links":{"self":[{"href":"https:\/\/trastosiandromines.com\/pt\/wp-json\/wp\/v2\/pages\/450","targetHints":{"allow":["GET"]}}],"collection":[{"href":"https:\/\/trastosiandromines.com\/pt\/wp-json\/wp\/v2\/pages"}],"about":[{"href":"https:\/\/trastosiandromines.com\/pt\/wp-json\/wp\/v2\/types\/page"}],"author":[{"embeddable":true,"href":"https:\/\/trastosiandromines.com\/pt\/wp-json\/wp\/v2\/users\/1"}],"replies":[{"embeddable":true,"href":"https:\/\/trastosiandromines.com\/pt\/wp-json\/wp\/v2\/comments?post=450"}],"version-history":[{"count":7,"href":"https:\/\/trastosiandromines.com\/pt\/wp-json\/wp\/v2\/pages\/450\/revisions"}],"predecessor-version":[{"id":555,"href":"https:\/\/trastosiandromines.com\/pt\/wp-json\/wp\/v2\/pages\/450\/revisions\/555"}],"wp:attachment":[{"href":"https:\/\/trastosiandromines.com\/pt\/wp-json\/wp\/v2\/media?parent=450"}],"curies":[{"name":"wp","href":"https:\/\/api.w.org\/{rel}","templated":true}]}}